{"id":336,"date":"2024-10-16T23:42:45","date_gmt":"2024-10-16T23:42:45","guid":{"rendered":"https:\/\/aerovehicles.net\/?page_id=336"},"modified":"2026-03-15T11:27:57","modified_gmt":"2026-03-15T14:27:57","slug":"remote-sensing","status":"publish","type":"page","link":"https:\/\/aerovehicles.net\/es\/remote-sensing\/","title":{"rendered":"Detecci\u00f3n Remota"},"content":{"rendered":"<h2 class=\"wp-block-heading has-large-font-size\"><strong>Servicios de Sensores Remotos: Recolecci\u00f3n y An\u00e1lisis de Datos de Precisi\u00f3n<\/strong><\/h2>\n\n\n\n<div class=\"wp-block-media-text has-media-on-the-right is-stacked-on-mobile\" style=\"grid-template-columns:auto 24%\"><div class=\"wp-block-media-text__content\">\n<p class=\"has-medium-font-size\">Aerovehicles, como operador, ofrece una amplia gama de servicios de topograf\u00eda, reconocimiento, monitoreo y teledetecci\u00f3n, utilizando la \u00faltima tecnolog\u00eda y equipos de \u00faltima generaci\u00f3n. Nuestro equipo proporciona datos precisos y confiables para aplicaciones en <strong>mapeo<\/strong>, <strong>monitoreo ambiental<\/strong>, <strong>agricultura<\/strong>, <strong>forestal<\/strong>, y m\u00e1s. Utilizando sistemas avanzados como <strong>LiDAR<\/strong> y <strong>Radar de Apertura Sint\u00e9tica (SAR)<\/strong>, ofrecemos informaci\u00f3n \u00fatil en tiempo real para industrias que requieren datos de alta calidad.<\/p>\n<\/div><figure class=\"wp-block-media-text__media\"><img decoding=\"async\" width=\"800\" height=\"570\" data-src=\"https:\/\/aerovehicles.net\/wp-content\/uploads\/2024\/10\/berkut-imsar-800x570-1.jpg\" alt=\"\" class=\"wp-image-696 size-full lazyload\" data-srcset=\"https:\/\/aerovehicles.net\/wp-content\/uploads\/2024\/10\/berkut-imsar-800x570-1.jpg 800w, https:\/\/aerovehicles.net\/wp-content\/uploads\/2024\/10\/berkut-imsar-800x570-1-300x214.jpg 300w, https:\/\/aerovehicles.net\/wp-content\/uploads\/2024\/10\/berkut-imsar-800x570-1-768x547.jpg 768w, https:\/\/aerovehicles.net\/wp-content\/uploads\/2024\/10\/berkut-imsar-800x570-1-18x12.jpg 18w, https:\/\/aerovehicles.net\/wp-content\/uploads\/2024\/10\/berkut-imsar-800x570-1-500x356.jpg 500w\" data-sizes=\"(max-width: 800px) 100vw, 800px\" src=\"data:image\/svg+xml;base64,PHN2ZyB3aWR0aD0iMSIgaGVpZ2h0PSIxIiB4bWxucz0iaHR0cDovL3d3dy53My5vcmcvMjAwMC9zdmciPjwvc3ZnPg==\" style=\"--smush-placeholder-width: 800px; --smush-placeholder-aspect-ratio: 800\/570;\" \/><\/figure><\/div>\n\n\n\n<p class=\"has-medium-font-size\"><\/p>\n\n\n\n<div class=\"wp-block-columns are-vertically-aligned-center is-layout-flex wp-container-core-columns-is-layout-9d6595d7 wp-block-columns-is-layout-flex\">\n<div class=\"wp-block-column is-vertically-aligned-center is-layout-flow wp-block-column-is-layout-flow\">\n<div class=\"wp-block-nk-awb nk-awb nk-awb-fullheight nk-awb-content-valign-center is-layout-constrained wp-block-nk-awb-is-layout-constrained\"><div class=\"nk-awb-wrap\" data-awb-type=\"image\" data-awb-parallax=\"scroll-opacity\" data-awb-parallax-speed=\"0.5\" data-awb-parallax-mobile=\"true\" data-awb-image-background-size=\"contain\" data-awb-image-background-position=\"50% 50%\"><div class=\"nk-awb-inner\"><img decoding=\"async\" data-src=\"https:\/\/aerovehicles.net\/wp-content\/uploads\/2024\/10\/Death-valley-sar.jpg\" class=\"wp-image-854 jarallax-img lazyload\" width=\"1200\" height=\"2501\" data-srcset=\"https:\/\/aerovehicles.net\/wp-content\/uploads\/2024\/10\/Death-valley-sar.jpg 1200w, https:\/\/aerovehicles.net\/wp-content\/uploads\/2024\/10\/Death-valley-sar-144x300.jpg 144w, https:\/\/aerovehicles.net\/wp-content\/uploads\/2024\/10\/Death-valley-sar-491x1024.jpg 491w, https:\/\/aerovehicles.net\/wp-content\/uploads\/2024\/10\/Death-valley-sar-768x1601.jpg 768w, https:\/\/aerovehicles.net\/wp-content\/uploads\/2024\/10\/Death-valley-sar-737x1536.jpg 737w, https:\/\/aerovehicles.net\/wp-content\/uploads\/2024\/10\/Death-valley-sar-983x2048.jpg 983w, https:\/\/aerovehicles.net\/wp-content\/uploads\/2024\/10\/Death-valley-sar-6x12.jpg 6w, https:\/\/aerovehicles.net\/wp-content\/uploads\/2024\/10\/Death-valley-sar-500x1042.jpg 500w, https:\/\/aerovehicles.net\/wp-content\/uploads\/2024\/10\/Death-valley-sar-800x1667.jpg 800w\" data-sizes=\"(max-width: 1200px) 100vw, 1200px\" src=\"data:image\/svg+xml;base64,PHN2ZyB3aWR0aD0iMSIgaGVpZ2h0PSIxIiB4bWxucz0iaHR0cDovL3d3dy53My5vcmcvMjAwMC9zdmciPjwvc3ZnPg==\" style=\"--smush-placeholder-width: 1200px; --smush-placeholder-aspect-ratio: 1200\/2501;\" \/><\/div><\/div><div class=\"nk-awb-wrap-content\"><\/div><\/div>\n<\/div>\n\n\n\n<div class=\"wp-block-column is-vertically-aligned-center is-layout-flow wp-block-column-is-layout-flow\">\n<h2 class=\"wp-block-heading has-large-font-size\">Radar de Apertura Sint\u00e9tica (SAR)<\/h2>\n\n\n\n<p class=\"has-medium-font-size\">Es una tecnolog\u00eda de radar avanzada que utiliza el movimiento para crear im\u00e1genes de alta resoluci\u00f3n de objetos o paisajes, incluso a trav\u00e9s de nubes, lluvia o en la oscuridad. Al mover el radar a lo largo de una trayectoria de vuelo, el SAR captura datos desde m\u00faltiples \u00e1ngulos, sintetiz\u00e1ndolos en una imagen detallada que imita una antena mucho m\u00e1s grande, o \"apertura sint\u00e9tica\".<\/p>\n\n\n\n<p class=\"has-medium-font-size\"><strong><em>Al volar desde una aeronave, el nivel de detalle es superior al de las im\u00e1genes satelitales.<\/em><\/strong><\/p>\n\n\n\n<p class=\"has-medium-font-size\"><strong>Cartograf\u00eda y Relevamientos<\/strong>: El sistema SAR proporciona mapas detallados de grandes \u00e1reas, capturando el terreno, la vegetaci\u00f3n y las estructuras. Sus ondas de radio penetran las nubes, lo que lo hace eficaz en cualquier condici\u00f3n clim\u00e1tica.<\/p>\n\n\n\n<p class=\"has-medium-font-size\"><strong>Monitoreo ambiental<\/strong>: El SAR rastrea los cambios en la vegetaci\u00f3n, los cuerpos de agua y las caracter\u00edsticas naturales, lo que ayuda a monitorear la salud de los bosques y los cambios ambientales.<\/p>\n\n\n\n<p class=\"has-medium-font-size\"><strong>Agricultura<\/strong>: El SAR mide la altura y la salud de los cultivos, lo que ayuda a identificar \u00e1reas que necesitan atenci\u00f3n o tratamiento.<\/p>\n\n\n\n<p class=\"has-medium-font-size\"><strong>Forestal<\/strong>: SAR eval\u00faa la densidad, la altura y la biomasa de los \u00e1rboles, apoyando los esfuerzos de gesti\u00f3n y conservaci\u00f3n forestal.<\/p>\n\n\n\n<p class=\"has-medium-font-size\"><strong>Arqueolog\u00eda<\/strong>: SAR crea mapas detallados de sitios arqueol\u00f3gicos, revelando estructuras ocultas debajo del suelo.<\/p>\n\n\n\n<p class=\"has-medium-font-size\"><strong>Transporte<\/strong>: SAR mapea caminos y autopistas, proporcionando datos valiosos para la planificaci\u00f3n, la construcci\u00f3n y el mantenimiento.<\/p>\n\n\n\n<p class=\"has-medium-font-size\"><strong>Ingenier\u00eda y Contrucci\u00f3n<\/strong>: SAR produce modelos 3D de edificios y estructuras, ayudando en el dise\u00f1o y la planificaci\u00f3n.<\/p>\n\n\n\n<p class=\"has-medium-font-size\"><strong>Geolog\u00eda<\/strong>: El SAR mapea la superficie de la Tierra en detalle, ofreciendo informaci\u00f3n cr\u00edtica para estudios geol\u00f3gicos.<\/p>\n\n\n\n<p class=\"has-medium-font-size\"><strong>Militar y Defensa<\/strong>: El SAR se utiliza para vigilancia y reconocimiento, ofreciendo informaci\u00f3n detallada sobre las posiciones y movimientos del enemigo.<\/p>\n<\/div>\n<\/div>\n\n\n\n<div class=\"wp-block-columns is-layout-flex wp-container-core-columns-is-layout-9d6595d7 wp-block-columns-is-layout-flex\">\n<div class=\"wp-block-column is-layout-flow wp-block-column-is-layout-flow\">\n<h2 class=\"wp-block-heading has-large-font-size\">LiDAR \u2013 Detecci\u00f3n y Rango por Luz<\/h2>\n\n\n\n<p class=\"has-medium-font-size\">LiDAR (Detecci\u00f3n y Rango por Luz) es una tecnolog\u00eda de sensores remotos que utiliza pulsos l\u00e1ser para medir distancias. Al emitir l\u00e1seres y medir la luz reflejada, crea mapas 3D precisos del terreno, objetos y estructuras. LiDAR se utiliza ampliamente en cartograf\u00eda, monitoreo ambiental, agricultura, silvicultura y navegaci\u00f3n aut\u00f3noma.<\/p>\n\n\n\n<p class=\"has-medium-font-size\"><strong><em>Al volar desde una aeronave, el nivel de detalle es superior al de las im\u00e1genes satelitales.<\/em><\/strong><\/p>\n\n\n\n<div class=\"wp-block-group is-vertical is-layout-flex wp-container-core-group-is-layout-8cf370e7 wp-block-group-is-layout-flex\">\n<p class=\"has-medium-font-size\"><strong>Cartograf\u00eda y Relevamientos<\/strong>:LiDAR crea mapas precisos de terreno, vegetaci\u00f3n y estructuras en grandes \u00e1reas.<\/p>\n\n\n\n<p class=\"has-medium-font-size\"><strong>Monitoreo ambiental<\/strong>:El LiDAR rastrea la salud de la vegetaci\u00f3n y los cambios en los cuerpos de agua y las caracter\u00edsticas naturales.<\/p>\n\n\n\n<p class=\"has-medium-font-size\"><strong>Agricultura<\/strong>:El LiDAR mide la altura y la salud del cultivo, identificando \u00e1reas que necesitan atenci\u00f3n especial.<\/p>\n\n\n\n<p class=\"has-medium-font-size\"><strong>Forestal<\/strong>:El LiDAR eval\u00faa la densidad, la altura y la biomasa de los \u00e1rboles, lo que ayuda a la gesti\u00f3n forestal.<\/p>\n\n\n\n<p class=\"has-medium-font-size\"><strong>Arqueolog\u00eda<\/strong>: Los mapas LiDAR mapean sitios arqueol\u00f3gicos y revelan caracter\u00edsticas ocultas.<\/p>\n\n\n\n<p class=\"has-medium-font-size\"><strong>Transporte<\/strong>:Los mapas LiDAR crean mapas de carreteras y autopistas para planificaci\u00f3n y mantenimiento.<\/p>\n\n\n\n<p class=\"has-medium-font-size\"><strong>Ingenier\u00eda y Contrucci\u00f3n<\/strong>:LiDAR genera modelos 3D de estructuras, apoyando el dise\u00f1o y la planificaci\u00f3n.<\/p>\n\n\n\n<p class=\"has-medium-font-size\"><strong>Geolog\u00eda<\/strong>: Los mapas LiDAR mapean la superficie de la Tierra, proporcionando datos esenciales para los ge\u00f3logos.<\/p>\n\n\n\n<p class=\"has-medium-font-size\"><strong>Militar y Defensa<\/strong>: El LiDAR ayuda en la vigilancia, detallando las posiciones y movimientos del enemigo.<\/p>\n<\/div>\n<\/div>\n\n\n\n<div class=\"wp-block-column is-layout-flow wp-block-column-is-layout-flow\">\n<div class=\"wp-block-nk-awb nk-awb nk-awb-fullheight nk-awb-content-valign-center is-layout-constrained wp-block-nk-awb-is-layout-constrained\"><div class=\"nk-awb-wrap\" data-awb-type=\"image\" data-awb-parallax=\"scroll-opacity\" data-awb-parallax-speed=\"0.5\" data-awb-parallax-mobile=\"false\" data-awb-image-background-size=\"cover\" data-awb-image-background-position=\"59% 63%\"><div class=\"nk-awb-inner\"><img decoding=\"async\" data-src=\"https:\/\/aerovehicles.net\/wp-content\/uploads\/2024\/10\/lidar2-1024x552-1-1.png\" class=\"wp-image-851 jarallax-img lazyload\" width=\"1024\" height=\"552\" data-srcset=\"https:\/\/aerovehicles.net\/wp-content\/uploads\/2024\/10\/lidar2-1024x552-1-1.png 1024w, https:\/\/aerovehicles.net\/wp-content\/uploads\/2024\/10\/lidar2-1024x552-1-1-300x162.png 300w, https:\/\/aerovehicles.net\/wp-content\/uploads\/2024\/10\/lidar2-1024x552-1-1-768x414.png 768w, https:\/\/aerovehicles.net\/wp-content\/uploads\/2024\/10\/lidar2-1024x552-1-1-18x10.png 18w, https:\/\/aerovehicles.net\/wp-content\/uploads\/2024\/10\/lidar2-1024x552-1-1-500x270.png 500w, https:\/\/aerovehicles.net\/wp-content\/uploads\/2024\/10\/lidar2-1024x552-1-1-800x431.png 800w\" data-sizes=\"(max-width: 1024px) 100vw, 1024px\" src=\"data:image\/svg+xml;base64,PHN2ZyB3aWR0aD0iMSIgaGVpZ2h0PSIxIiB4bWxucz0iaHR0cDovL3d3dy53My5vcmcvMjAwMC9zdmciPjwvc3ZnPg==\" style=\"--smush-placeholder-width: 1024px; --smush-placeholder-aspect-ratio: 1024\/552;\" \/><\/div><\/div><div class=\"nk-awb-wrap-content\"><\/div><\/div>\n<\/div>\n<\/div>\n\n\n\n<h2 class=\"wp-block-heading\"><\/h2>\n\n\n\n<hr class=\"wp-block-separator has-alpha-channel-opacity\"\/>\n\n\n\n<div class=\"wp-block-buttons is-layout-flex wp-block-buttons-is-layout-flex\">\n<div class=\"wp-block-button\"><a class=\"wp-block-button__link wp-element-button\" href=\"https:\/\/aerovehicles.net\/contact-us\/\">Cont\u00e1ctenos<\/a><\/div>\n<\/div>","protected":false},"excerpt":{"rendered":"<p>Remote Sensing Services: Precision Data Collection and Analysis Aerovehicles as an operator provides a wide range of surveying, reconnaissance, monitoring, and remote sensing services, using the latest technology and state-of-the-art equipment. Our team provides precise and reliable data for applications in mapping, environmental monitoring, agriculture, forestry, and more. Utilizing advanced systems such as LiDAR and<span class=\"post-excerpt-end\">&hellip;<\/span><\/p>\n<p class=\"more-link\"><a href=\"https:\/\/aerovehicles.net\/es\/remote-sensing\/\" class=\"themebutton\">Leer m\u00e1s<\/a><\/p>","protected":false},"author":1,"featured_media":1052,"parent":0,"menu_order":0,"comment_status":"closed","ping_status":"closed","template":"","meta":{"footnotes":""},"class_list":["post-336","page","type-page","status-publish","has-post-thumbnail","hentry"],"yoast_head":"<!-- This site is optimized with the Yoast SEO plugin v27.3 - https:\/\/yoast.com\/product\/yoast-seo-wordpress\/ -->\n<title>Remote Sensing - Aerovehicles<\/title>\n<meta name=\"description\" content=\"Aerovehicles offers advanced aerial remote sensing solutions with integrated sensor systems, high-resolution imaging and geospatial data capture for ISR, environmental monitoring and professional mapping applications.\" \/>\n<meta name=\"robots\" content=\"index, follow, max-snippet:-1, max-image-preview:large, max-video-preview:-1\" \/>\n<link rel=\"canonical\" href=\"https:\/\/aerovehicles.net\/es\/remote-sensing\/\" \/>\n<meta property=\"og:locale\" content=\"es_ES\" \/>\n<meta property=\"og:type\" content=\"article\" \/>\n<meta property=\"og:title\" content=\"Remote Sensing - Aerovehicles\" \/>\n<meta property=\"og:description\" content=\"Aerovehicles offers advanced aerial remote sensing solutions with integrated sensor systems, high-resolution imaging and geospatial data capture for ISR, environmental monitoring and professional mapping applications.\" \/>\n<meta property=\"og:url\" content=\"https:\/\/aerovehicles.net\/es\/remote-sensing\/\" \/>\n<meta property=\"og:site_name\" content=\"Aerovehicles\" \/>\n<meta property=\"article:publisher\" content=\"https:\/\/www.facebook.com\/aerovehicles\" \/>\n<meta property=\"article:modified_time\" content=\"2026-03-15T14:27:57+00:00\" \/>\n<meta property=\"og:image\" content=\"https:\/\/aerovehicles.net\/wp-content\/uploads\/2024\/10\/CSAS_LiDAR_Figure1.png\" \/>\n\t<meta property=\"og:image:width\" content=\"975\" \/>\n\t<meta property=\"og:image:height\" content=\"592\" \/>\n\t<meta property=\"og:image:type\" content=\"image\/png\" \/>\n<meta name=\"twitter:card\" content=\"summary_large_image\" \/>\n<meta name=\"twitter:site\" content=\"@AeroVehicles\" \/>\n<meta name=\"twitter:label1\" content=\"Tiempo de lectura\" \/>\n\t<meta name=\"twitter:data1\" content=\"3 minutos\" \/>\n<script type=\"application\/ld+json\" class=\"yoast-schema-graph\">{\"@context\":\"https:\\\/\\\/schema.org\",\"@graph\":[{\"@type\":\"WebPage\",\"@id\":\"https:\\\/\\\/aerovehicles.net\\\/remote-sensing\\\/\",\"url\":\"https:\\\/\\\/aerovehicles.net\\\/remote-sensing\\\/\",\"name\":\"Remote Sensing - Aerovehicles\",\"isPartOf\":{\"@id\":\"https:\\\/\\\/aerovehicles.net\\\/#website\"},\"primaryImageOfPage\":{\"@id\":\"https:\\\/\\\/aerovehicles.net\\\/remote-sensing\\\/#primaryimage\"},\"image\":{\"@id\":\"https:\\\/\\\/aerovehicles.net\\\/remote-sensing\\\/#primaryimage\"},\"thumbnailUrl\":\"https:\\\/\\\/aerovehicles.net\\\/wp-content\\\/uploads\\\/2024\\\/10\\\/CSAS_LiDAR_Figure1.png\",\"datePublished\":\"2024-10-16T23:42:45+00:00\",\"dateModified\":\"2026-03-15T14:27:57+00:00\",\"description\":\"Aerovehicles offers advanced aerial remote sensing solutions with integrated sensor systems, high-resolution imaging and geospatial data capture for ISR, environmental monitoring and professional mapping applications.\",\"breadcrumb\":{\"@id\":\"https:\\\/\\\/aerovehicles.net\\\/remote-sensing\\\/#breadcrumb\"},\"inLanguage\":\"es\",\"potentialAction\":[{\"@type\":\"ReadAction\",\"target\":[\"https:\\\/\\\/aerovehicles.net\\\/remote-sensing\\\/\"]}]},{\"@type\":\"ImageObject\",\"inLanguage\":\"es\",\"@id\":\"https:\\\/\\\/aerovehicles.net\\\/remote-sensing\\\/#primaryimage\",\"url\":\"https:\\\/\\\/aerovehicles.net\\\/wp-content\\\/uploads\\\/2024\\\/10\\\/CSAS_LiDAR_Figure1.png\",\"contentUrl\":\"https:\\\/\\\/aerovehicles.net\\\/wp-content\\\/uploads\\\/2024\\\/10\\\/CSAS_LiDAR_Figure1.png\",\"width\":975,\"height\":592},{\"@type\":\"BreadcrumbList\",\"@id\":\"https:\\\/\\\/aerovehicles.net\\\/remote-sensing\\\/#breadcrumb\",\"itemListElement\":[{\"@type\":\"ListItem\",\"position\":1,\"name\":\"Home\",\"item\":\"https:\\\/\\\/aerovehicles.net\\\/\"},{\"@type\":\"ListItem\",\"position\":2,\"name\":\"Remote Sensing\"}]},{\"@type\":\"WebSite\",\"@id\":\"https:\\\/\\\/aerovehicles.net\\\/#website\",\"url\":\"https:\\\/\\\/aerovehicles.net\\\/\",\"name\":\"Aerovehicles\",\"description\":\"Airborne Solutions\",\"publisher\":{\"@id\":\"https:\\\/\\\/aerovehicles.net\\\/#organization\"},\"potentialAction\":[{\"@type\":\"SearchAction\",\"target\":{\"@type\":\"EntryPoint\",\"urlTemplate\":\"https:\\\/\\\/aerovehicles.net\\\/?s={search_term_string}\"},\"query-input\":{\"@type\":\"PropertyValueSpecification\",\"valueRequired\":true,\"valueName\":\"search_term_string\"}}],\"inLanguage\":\"es\"},{\"@type\":\"Organization\",\"@id\":\"https:\\\/\\\/aerovehicles.net\\\/#organization\",\"name\":\"Aerovehicles\",\"url\":\"https:\\\/\\\/aerovehicles.net\\\/\",\"logo\":{\"@type\":\"ImageObject\",\"inLanguage\":\"es\",\"@id\":\"https:\\\/\\\/aerovehicles.net\\\/#\\\/schema\\\/logo\\\/image\\\/\",\"url\":\"https:\\\/\\\/aerovehicles.net\\\/wp-content\\\/uploads\\\/2024\\\/10\\\/cropped-cropped-AVI-Logo-2020-v2-logo-wp-1.png\",\"contentUrl\":\"https:\\\/\\\/aerovehicles.net\\\/wp-content\\\/uploads\\\/2024\\\/10\\\/cropped-cropped-AVI-Logo-2020-v2-logo-wp-1.png\",\"width\":312,\"height\":200,\"caption\":\"Aerovehicles\"},\"image\":{\"@id\":\"https:\\\/\\\/aerovehicles.net\\\/#\\\/schema\\\/logo\\\/image\\\/\"},\"sameAs\":[\"https:\\\/\\\/www.facebook.com\\\/aerovehicles\",\"https:\\\/\\\/x.com\\\/AeroVehicles\",\"https:\\\/\\\/www.linkedin.com\\\/company\\\/aerovehicles-inc-\",\"https:\\\/\\\/instagram.com\\\/aerovehicles\"]}]}<\/script>\n<!-- \/ Yoast SEO plugin. -->","yoast_head_json":{"title":"Remote Sensing - Aerovehicles","description":"Aerovehicles offers advanced aerial remote sensing solutions with integrated sensor systems, high-resolution imaging and geospatial data capture for ISR, environmental monitoring and professional mapping applications.","robots":{"index":"index","follow":"follow","max-snippet":"max-snippet:-1","max-image-preview":"max-image-preview:large","max-video-preview":"max-video-preview:-1"},"canonical":"https:\/\/aerovehicles.net\/es\/remote-sensing\/","og_locale":"es_ES","og_type":"article","og_title":"Remote Sensing - Aerovehicles","og_description":"Aerovehicles offers advanced aerial remote sensing solutions with integrated sensor systems, high-resolution imaging and geospatial data capture for ISR, environmental monitoring and professional mapping applications.","og_url":"https:\/\/aerovehicles.net\/es\/remote-sensing\/","og_site_name":"Aerovehicles","article_publisher":"https:\/\/www.facebook.com\/aerovehicles","article_modified_time":"2026-03-15T14:27:57+00:00","og_image":[{"width":975,"height":592,"url":"https:\/\/aerovehicles.net\/wp-content\/uploads\/2024\/10\/CSAS_LiDAR_Figure1.png","type":"image\/png"}],"twitter_card":"summary_large_image","twitter_site":"@AeroVehicles","twitter_misc":{"Tiempo de lectura":"3 minutos"},"schema":{"@context":"https:\/\/schema.org","@graph":[{"@type":"WebPage","@id":"https:\/\/aerovehicles.net\/remote-sensing\/","url":"https:\/\/aerovehicles.net\/remote-sensing\/","name":"Remote Sensing - Aerovehicles","isPartOf":{"@id":"https:\/\/aerovehicles.net\/#website"},"primaryImageOfPage":{"@id":"https:\/\/aerovehicles.net\/remote-sensing\/#primaryimage"},"image":{"@id":"https:\/\/aerovehicles.net\/remote-sensing\/#primaryimage"},"thumbnailUrl":"https:\/\/aerovehicles.net\/wp-content\/uploads\/2024\/10\/CSAS_LiDAR_Figure1.png","datePublished":"2024-10-16T23:42:45+00:00","dateModified":"2026-03-15T14:27:57+00:00","description":"Aerovehicles offers advanced aerial remote sensing solutions with integrated sensor systems, high-resolution imaging and geospatial data capture for ISR, environmental monitoring and professional mapping applications.","breadcrumb":{"@id":"https:\/\/aerovehicles.net\/remote-sensing\/#breadcrumb"},"inLanguage":"es","potentialAction":[{"@type":"ReadAction","target":["https:\/\/aerovehicles.net\/remote-sensing\/"]}]},{"@type":"ImageObject","inLanguage":"es","@id":"https:\/\/aerovehicles.net\/remote-sensing\/#primaryimage","url":"https:\/\/aerovehicles.net\/wp-content\/uploads\/2024\/10\/CSAS_LiDAR_Figure1.png","contentUrl":"https:\/\/aerovehicles.net\/wp-content\/uploads\/2024\/10\/CSAS_LiDAR_Figure1.png","width":975,"height":592},{"@type":"BreadcrumbList","@id":"https:\/\/aerovehicles.net\/remote-sensing\/#breadcrumb","itemListElement":[{"@type":"ListItem","position":1,"name":"Home","item":"https:\/\/aerovehicles.net\/"},{"@type":"ListItem","position":2,"name":"Remote Sensing"}]},{"@type":"WebSite","@id":"https:\/\/aerovehicles.net\/#website","url":"https:\/\/aerovehicles.net\/","name":"Aerovehicles","description":"Airborne Solutions","publisher":{"@id":"https:\/\/aerovehicles.net\/#organization"},"potentialAction":[{"@type":"SearchAction","target":{"@type":"EntryPoint","urlTemplate":"https:\/\/aerovehicles.net\/?s={search_term_string}"},"query-input":{"@type":"PropertyValueSpecification","valueRequired":true,"valueName":"search_term_string"}}],"inLanguage":"es"},{"@type":"Organization","@id":"https:\/\/aerovehicles.net\/#organization","name":"Aerovehicles","url":"https:\/\/aerovehicles.net\/","logo":{"@type":"ImageObject","inLanguage":"es","@id":"https:\/\/aerovehicles.net\/#\/schema\/logo\/image\/","url":"https:\/\/aerovehicles.net\/wp-content\/uploads\/2024\/10\/cropped-cropped-AVI-Logo-2020-v2-logo-wp-1.png","contentUrl":"https:\/\/aerovehicles.net\/wp-content\/uploads\/2024\/10\/cropped-cropped-AVI-Logo-2020-v2-logo-wp-1.png","width":312,"height":200,"caption":"Aerovehicles"},"image":{"@id":"https:\/\/aerovehicles.net\/#\/schema\/logo\/image\/"},"sameAs":["https:\/\/www.facebook.com\/aerovehicles","https:\/\/x.com\/AeroVehicles","https:\/\/www.linkedin.com\/company\/aerovehicles-inc-","https:\/\/instagram.com\/aerovehicles"]}]}},"_links":{"self":[{"href":"https:\/\/aerovehicles.net\/es\/wp-json\/wp\/v2\/pages\/336","targetHints":{"allow":["GET"]}}],"collection":[{"href":"https:\/\/aerovehicles.net\/es\/wp-json\/wp\/v2\/pages"}],"about":[{"href":"https:\/\/aerovehicles.net\/es\/wp-json\/wp\/v2\/types\/page"}],"author":[{"embeddable":true,"href":"https:\/\/aerovehicles.net\/es\/wp-json\/wp\/v2\/users\/1"}],"replies":[{"embeddable":true,"href":"https:\/\/aerovehicles.net\/es\/wp-json\/wp\/v2\/comments?post=336"}],"version-history":[{"count":22,"href":"https:\/\/aerovehicles.net\/es\/wp-json\/wp\/v2\/pages\/336\/revisions"}],"predecessor-version":[{"id":1807,"href":"https:\/\/aerovehicles.net\/es\/wp-json\/wp\/v2\/pages\/336\/revisions\/1807"}],"wp:featuredmedia":[{"embeddable":true,"href":"https:\/\/aerovehicles.net\/es\/wp-json\/wp\/v2\/media\/1052"}],"wp:attachment":[{"href":"https:\/\/aerovehicles.net\/es\/wp-json\/wp\/v2\/media?parent=336"}],"curies":[{"name":"wp","href":"https:\/\/api.w.org\/{rel}","templated":true}]}}