{"id":323,"date":"2024-10-16T23:34:35","date_gmt":"2024-10-16T23:34:35","guid":{"rendered":"https:\/\/aerovehicles.net\/?page_id=323"},"modified":"2026-02-28T15:51:09","modified_gmt":"2026-02-28T18:51:09","slug":"aerovehicles-australia","status":"publish","type":"page","link":"https:\/\/aerovehicles.net\/es\/aerovehicles-australia\/","title":{"rendered":"Australia"},"content":{"rendered":"<div class=\"map_wrapper\" id=\"map_wrapper_1178\">\n<div class=\"map_box\" style=\"max-width:2000px\">\n<div class=\"map_aspect_ratio\" style=\"padding-top:40%\" data-padding-top=\"40%\" data-padding-top-mobile=\"0%\">\n<div class=\"map_container\">\n<div class=\"map_render map_loading\" id=\"map_1178\"><\/div>\n<\/div>\n<\/div>\n<\/div>\n<\/div>\n\n\n\n<h2 class=\"wp-block-heading has-large-font-size\">Australia<\/h2>\n\n\n\n<p class=\"has-medium-font-size\">Gesti\u00f3n de Proyectos y Operaciones con dirigibles<\/p>\n\n\n\n<p class=\"has-medium-font-size\">Brisbane, Australia<\/p>\n\n\n\n<p class=\"has-medium-font-size\">Aerovehicles Inc. mantiene su presencia en Australia a trav\u00e9s de sus oficinas y representantes locales. La divisi\u00f3n con sede en Australia es responsable de supervisar la Gesti\u00f3n de Proyectos y las Operaciones de Dirigibles a nivel global.<\/p>\n\n\n\n\t<!-- wpshopmart team builder wrapper -->\r\n\t<div class=\"wpsm_team_3_b_row\" id=\"wpsm_team_3_b_row_906\">\r\n\t\t<div class=\"wpsm_row\">  \r\n\t\t\t<style>\r\n\t\t\t#wpsm_team_3_b_row_906 .wpsm_row{\r\n\t\t\t\tpadding:20px 0;\r\n\t\t\t}\r\n\t\t\t#wpsm_team_3_b_row_906 .wpsm_team_3_member_wrapper_inner h3{\r\n\t\t\t\tcolor:#000000 !important;\r\n\t\t\t\tfont-size:18px !important;\r\n\t\t\t\t\t\t\t\t  font-family:'Open Sans';\r\n\t\t\t\t\t\t\t\t\r\n\t\t\t}\r\n\t\t\t#wpsm_team_3_b_row_906 .wpsm_team_3_name_divider{\r\n\t\t\t\tbackground-color:#000000 !important;\r\n\t\t\t}\r\n\t\t\t#wpsm_team_3_b_row_906 .wpsm_team_3_b_desig{\r\n\t\t\t\tcolor:#000000 !important;\r\n\t\t\t\tfont-size:14px !important;\r\n\t\t\t\t\t\t\t\t   font-family:'Open Sans';\r\n\t\t\t\t\t\t\t}\r\n\t\t\t#wpsm_team_3_b_row_906 .wpsm_team_3_b_desc{\r\n\t\t\t\tcolor:#000000 !important;\r\n\t\t\t\tfont-size:14px !important;\r\n\t\t\t\t\t\t\t\t   font-family:'Open Sans';\r\n\t\t\t\t\t\t\t}\r\n\t\t\t#wpsm_team_3_b_row_906  p{\r\n\t\t\t\tcolor:#000000 !important;\r\n\t\t\t\tfont-size:14px !important;\r\n\t\t\t    \t\t\t\t   font-family:'Open Sans';\r\n\t\t\t\t\t\t\t\t\r\n\t\t\t}\r\n\t\t\t#wpsm_team_3_b_row_906 .wpsm_team_3_name_divider {\r\n\t\t\t\theight: 0px;\r\n\t\t\t}\r\n\t\t\t\r\n\t\t\t#wpsm_team_3_b_row_906 .wpsm_team_3_social_div a i{\r\n\t\t\t\tcolor:#4f4f4f !important;\r\n\t\t\t\tbackground: transparent !important;\r\n\t\t\t}\r\n\t\t\t#wpsm_team_3_b_row_906 .wpsm_tram_img_wrap {\r\n\t\t\t  width: 100px !important;\r\n\t\t\t  height: 100px !important;\r\n\t\t\t  border-radius: 50% !important;\r\n\t\t\t  position: relative !important;\r\n\t\t\t  overflow: hidden !important;\r\n\t\t\t  margin-left:auto !important;\r\n\t\t\t  margin-right:auto !important;\r\n\t\t\t}\r\n\t\t\t#wpsm_team_3_b_row_906 .wpsm_tram_img_wrap img {\r\n\t\t\t  min-width: 100% !important;\r\n\t\t\t  min-height: 100% !important;\r\n\t\t\t  width: auto !important;\r\n\t\t\t  height: auto !important;\r\n\t\t\t  position: absolute !important;\r\n\t\t\t  left: 50% !important;\r\n\t\t\t  top: 50% !important;\r\n\t\t\t  -webkit-transform: translate(-50%, -50%) !important;\r\n\t\t\t  -moz-transform: translate(-50%, -50%) !important;\r\n\t\t\t  -ms-transform: translate(-50%, -50%) !important;\r\n\t\t\t\ttransform: translate(-50%, -50%) !important;\r\n\t\t\t\t}\r\n\t\t\t\t\r\n\t\t\t\t#wpsm_team_3_b_row_906 .wpsm_team_3_member_wrapper{\r\n\t\t\t\tbackground:#ffffff !important;\r\n\t\t\t}\r\n\t\t\t\t\t\t\r\n\t\t\t<\/style>\r\n\t\t\t\t\t\t \r\n\t\t\t\t\t<div class=\"wpsm_col-md-4 wpsm_col-sm-6 wpsm-col-div wpsm_single_team\">\r\n\t\t\t\t\t\t<div class=\"wpsm_team_3_member_wrapper\">\r\n\t\t\t\t\t\t\t<div class=\"wpsm_tram_img_wrap\">\r\n\t\t\t\t\t\t\t  <img decoding=\"async\" class=\"img-responsive wpsm_team_3_mem_img lazyload\" data-src=\"https:\/\/aerovehicles.net\/wp-content\/uploads\/2024\/10\/julian-anderson.jpg\" alt=\"Julian Beville-Anderson\" src=\"data:image\/svg+xml;base64,PHN2ZyB3aWR0aD0iMSIgaGVpZ2h0PSIxIiB4bWxucz0iaHR0cDovL3d3dy53My5vcmcvMjAwMC9zdmciPjwvc3ZnPg==\" style=\"--smush-placeholder-width: 257px; --smush-placeholder-aspect-ratio: 257\/303;\">\r\n\t\t\t\t\t\t\t<\/div>\r\n\t\t\t\t\t\t\t\r\n\t\t\t\t\t\t\t<div class=\"wpsm_team_3_member_wrapper_inner\">\r\n\t\t\t\t\t\t\t\t<h3>\r\n\t\t\t\t\t\t\t\t\tJulian Beville-Anderson\t\t\t\t\t\t\t\t\t<div class=\"wpsm_team_3_name_divider\"><\/div>\r\n\t\t\t\t\t\t\t\t<\/h3>\r\n\t\t\t\t\t\t\t\t<span class=\"wpsm_team_3_b_desig\"> Divisi\u00f3n de dirigibles <\/span> \t\t\t\t\t\t\t\t\t\t\t\t\t\t\t\t<div class=\"wpsm_team_3_social_div\">\r\n\t\t\t\t\t\t\t\t\t\t\t\t\t\t\t\t\t\t\t\t\t\t\t\t\t\t\t\t\t\t\t\t\t\t\t\t\t\t\t\t\t\t\t\t<\/div>\r\n\t\t\t\t\t\t\t<\/div>\r\n\t\t\t\t\t\t<\/div>\r\n\t\t\t\t\t<\/div>\r\n\t\t\t\t\t\t\t\t\t\t\t\t\t \r\n\t\t\t\t\t<div class=\"wpsm_col-md-4 wpsm_col-sm-6 wpsm-col-div wpsm_single_team\">\r\n\t\t\t\t\t\t<div class=\"wpsm_team_3_member_wrapper\">\r\n\t\t\t\t\t\t\t<div class=\"wpsm_tram_img_wrap\">\r\n\t\t\t\t\t\t\t  <img decoding=\"async\" class=\"img-responsive wpsm_team_3_mem_img lazyload\" data-src=\"https:\/\/aerovehicles.net\/wp-content\/uploads\/2024\/10\/karen.jpg\" alt=\"Karen Wilbrink\" src=\"data:image\/svg+xml;base64,PHN2ZyB3aWR0aD0iMSIgaGVpZ2h0PSIxIiB4bWxucz0iaHR0cDovL3d3dy53My5vcmcvMjAwMC9zdmciPjwvc3ZnPg==\" style=\"--smush-placeholder-width: 800px; --smush-placeholder-aspect-ratio: 800\/800;\">\r\n\t\t\t\t\t\t\t<\/div>\r\n\t\t\t\t\t\t\t\r\n\t\t\t\t\t\t\t<div class=\"wpsm_team_3_member_wrapper_inner\">\r\n\t\t\t\t\t\t\t\t<h3>\r\n\t\t\t\t\t\t\t\t\tKaren Wilbrink\t\t\t\t\t\t\t\t\t<div class=\"wpsm_team_3_name_divider\"><\/div>\r\n\t\t\t\t\t\t\t\t<\/h3>\r\n\t\t\t\t\t\t\t\t<span class=\"wpsm_team_3_b_desig\"> Analista de Negocios Corporativos <\/span> \t\t\t\t\t\t\t\t\t\t\t\t\t\t\t\t<div class=\"wpsm_team_3_social_div\">\r\n\t\t\t\t\t\t\t\t\t\t\t\t\t\t\t\t\t\t\t\t\t\t\t\t\t\t\t\t\t\t\t\t\t\t\t\t\t\t\t\t\t\t\t\t<\/div>\r\n\t\t\t\t\t\t\t<\/div>\r\n\t\t\t\t\t\t<\/div>\r\n\t\t\t\t\t<\/div>\r\n\t\t\t\t\t\t\t\t\t\t\t\t\r\n\t\t<\/div>\r\n\t<\/div>\n\n\n\n<hr class=\"wp-block-separator has-alpha-channel-opacity\"\/>\n\n\n\n<h2 class=\"wp-block-heading has-large-font-size\"><\/h2>\n\n\n\n<div class=\"wp-block-buttons is-layout-flex wp-block-buttons-is-layout-flex\">\n<div class=\"wp-block-button\"><a class=\"wp-block-button__link wp-element-button\" href=\"https:\/\/aerovehicles.net\/contact-us\/\">Cont\u00e1ctenos<\/a><\/div>\n<\/div>\n\n\n\n<p><\/p>","protected":false},"excerpt":{"rendered":"<p>Australia Project management and airship operations Brisbane, Australia Aerovehicles Inc. maintains a presence in Australia through its offices and local representatives. The division based in Australia is responsible for overseeing Project Management and Airship Operations on a global scale.<\/p>","protected":false},"author":1,"featured_media":819,"parent":0,"menu_order":0,"comment_status":"closed","ping_status":"closed","template":"","meta":{"footnotes":""},"class_list":["post-323","page","type-page","status-publish","has-post-thumbnail","hentry"],"yoast_head":"<!-- This site is optimized with the Yoast SEO plugin v27.3 - https:\/\/yoast.com\/product\/yoast-seo-wordpress\/ -->\n<title>Aerovehicles Australia<\/title>\n<meta name=\"description\" content=\"Aerovehicles Australia offers airship and aviation services and aerial mapping services, aircraft sales &amp; leasing, and support solutions for commercial and government clients across Australia and the APAC region.\" \/>\n<meta name=\"robots\" content=\"index, follow, max-snippet:-1, max-image-preview:large, max-video-preview:-1\" \/>\n<link rel=\"canonical\" href=\"https:\/\/aerovehicles.net\/es\/aerovehicles-australia\/\" \/>\n<meta property=\"og:locale\" content=\"es_ES\" \/>\n<meta property=\"og:type\" content=\"article\" \/>\n<meta property=\"og:title\" content=\"Aerovehicles Australia\" \/>\n<meta property=\"og:description\" content=\"Aerovehicles Australia offers airship and aviation services and aerial mapping services, aircraft sales &amp; leasing, and support solutions for commercial and government clients across Australia and the APAC region.\" \/>\n<meta property=\"og:url\" content=\"https:\/\/aerovehicles.net\/es\/aerovehicles-australia\/\" \/>\n<meta property=\"og:site_name\" content=\"Aerovehicles\" \/>\n<meta property=\"article:publisher\" content=\"https:\/\/www.facebook.com\/aerovehicles\" \/>\n<meta property=\"article:modified_time\" content=\"2026-02-28T18:51:09+00:00\" \/>\n<meta property=\"og:image\" content=\"https:\/\/aerovehicles.net\/wp-content\/uploads\/2024\/10\/3-2.jpg\" \/>\n\t<meta property=\"og:image:width\" content=\"1280\" \/>\n\t<meta property=\"og:image:height\" content=\"720\" \/>\n\t<meta property=\"og:image:type\" content=\"image\/jpeg\" \/>\n<meta name=\"twitter:card\" content=\"summary_large_image\" \/>\n<meta name=\"twitter:site\" content=\"@AeroVehicles\" \/>\n<meta name=\"twitter:label1\" content=\"Tiempo de lectura\" \/>\n\t<meta name=\"twitter:data1\" content=\"1 minuto\" \/>\n<script type=\"application\/ld+json\" class=\"yoast-schema-graph\">{\"@context\":\"https:\\\/\\\/schema.org\",\"@graph\":[{\"@type\":\"WebPage\",\"@id\":\"https:\\\/\\\/aerovehicles.net\\\/aerovehicles-australia\\\/\",\"url\":\"https:\\\/\\\/aerovehicles.net\\\/aerovehicles-australia\\\/\",\"name\":\"Aerovehicles Australia\",\"isPartOf\":{\"@id\":\"https:\\\/\\\/aerovehicles.net\\\/#website\"},\"primaryImageOfPage\":{\"@id\":\"https:\\\/\\\/aerovehicles.net\\\/aerovehicles-australia\\\/#primaryimage\"},\"image\":{\"@id\":\"https:\\\/\\\/aerovehicles.net\\\/aerovehicles-australia\\\/#primaryimage\"},\"thumbnailUrl\":\"https:\\\/\\\/aerovehicles.net\\\/wp-content\\\/uploads\\\/2024\\\/10\\\/3-2.jpg\",\"datePublished\":\"2024-10-16T23:34:35+00:00\",\"dateModified\":\"2026-02-28T18:51:09+00:00\",\"description\":\"Aerovehicles Australia offers airship and aviation services and aerial mapping services, aircraft sales & leasing, and support solutions for commercial and government clients across Australia and the APAC region.\",\"breadcrumb\":{\"@id\":\"https:\\\/\\\/aerovehicles.net\\\/aerovehicles-australia\\\/#breadcrumb\"},\"inLanguage\":\"es\",\"potentialAction\":[{\"@type\":\"ReadAction\",\"target\":[\"https:\\\/\\\/aerovehicles.net\\\/aerovehicles-australia\\\/\"]}]},{\"@type\":\"ImageObject\",\"inLanguage\":\"es\",\"@id\":\"https:\\\/\\\/aerovehicles.net\\\/aerovehicles-australia\\\/#primaryimage\",\"url\":\"https:\\\/\\\/aerovehicles.net\\\/wp-content\\\/uploads\\\/2024\\\/10\\\/3-2.jpg\",\"contentUrl\":\"https:\\\/\\\/aerovehicles.net\\\/wp-content\\\/uploads\\\/2024\\\/10\\\/3-2.jpg\",\"width\":1280,\"height\":720},{\"@type\":\"BreadcrumbList\",\"@id\":\"https:\\\/\\\/aerovehicles.net\\\/aerovehicles-australia\\\/#breadcrumb\",\"itemListElement\":[{\"@type\":\"ListItem\",\"position\":1,\"name\":\"Home\",\"item\":\"https:\\\/\\\/aerovehicles.net\\\/\"},{\"@type\":\"ListItem\",\"position\":2,\"name\":\"Australia\"}]},{\"@type\":\"WebSite\",\"@id\":\"https:\\\/\\\/aerovehicles.net\\\/#website\",\"url\":\"https:\\\/\\\/aerovehicles.net\\\/\",\"name\":\"Aerovehicles\",\"description\":\"Airborne Solutions\",\"publisher\":{\"@id\":\"https:\\\/\\\/aerovehicles.net\\\/#organization\"},\"potentialAction\":[{\"@type\":\"SearchAction\",\"target\":{\"@type\":\"EntryPoint\",\"urlTemplate\":\"https:\\\/\\\/aerovehicles.net\\\/?s={search_term_string}\"},\"query-input\":{\"@type\":\"PropertyValueSpecification\",\"valueRequired\":true,\"valueName\":\"search_term_string\"}}],\"inLanguage\":\"es\"},{\"@type\":\"Organization\",\"@id\":\"https:\\\/\\\/aerovehicles.net\\\/#organization\",\"name\":\"Aerovehicles\",\"url\":\"https:\\\/\\\/aerovehicles.net\\\/\",\"logo\":{\"@type\":\"ImageObject\",\"inLanguage\":\"es\",\"@id\":\"https:\\\/\\\/aerovehicles.net\\\/#\\\/schema\\\/logo\\\/image\\\/\",\"url\":\"https:\\\/\\\/aerovehicles.net\\\/wp-content\\\/uploads\\\/2024\\\/10\\\/cropped-cropped-AVI-Logo-2020-v2-logo-wp-1.png\",\"contentUrl\":\"https:\\\/\\\/aerovehicles.net\\\/wp-content\\\/uploads\\\/2024\\\/10\\\/cropped-cropped-AVI-Logo-2020-v2-logo-wp-1.png\",\"width\":312,\"height\":200,\"caption\":\"Aerovehicles\"},\"image\":{\"@id\":\"https:\\\/\\\/aerovehicles.net\\\/#\\\/schema\\\/logo\\\/image\\\/\"},\"sameAs\":[\"https:\\\/\\\/www.facebook.com\\\/aerovehicles\",\"https:\\\/\\\/x.com\\\/AeroVehicles\",\"https:\\\/\\\/www.linkedin.com\\\/company\\\/aerovehicles-inc-\",\"https:\\\/\\\/instagram.com\\\/aerovehicles\"]}]}<\/script>\n<!-- \/ Yoast SEO plugin. -->","yoast_head_json":{"title":"Aerovehicles Australia","description":"Aerovehicles Australia offers airship and aviation services and aerial mapping services, aircraft sales & leasing, and support solutions for commercial and government clients across Australia and the APAC region.","robots":{"index":"index","follow":"follow","max-snippet":"max-snippet:-1","max-image-preview":"max-image-preview:large","max-video-preview":"max-video-preview:-1"},"canonical":"https:\/\/aerovehicles.net\/es\/aerovehicles-australia\/","og_locale":"es_ES","og_type":"article","og_title":"Aerovehicles Australia","og_description":"Aerovehicles Australia offers airship and aviation services and aerial mapping services, aircraft sales & leasing, and support solutions for commercial and government clients across Australia and the APAC region.","og_url":"https:\/\/aerovehicles.net\/es\/aerovehicles-australia\/","og_site_name":"Aerovehicles","article_publisher":"https:\/\/www.facebook.com\/aerovehicles","article_modified_time":"2026-02-28T18:51:09+00:00","og_image":[{"width":1280,"height":720,"url":"https:\/\/aerovehicles.net\/wp-content\/uploads\/2024\/10\/3-2.jpg","type":"image\/jpeg"}],"twitter_card":"summary_large_image","twitter_site":"@AeroVehicles","twitter_misc":{"Tiempo de lectura":"1 minuto"},"schema":{"@context":"https:\/\/schema.org","@graph":[{"@type":"WebPage","@id":"https:\/\/aerovehicles.net\/aerovehicles-australia\/","url":"https:\/\/aerovehicles.net\/aerovehicles-australia\/","name":"Aerovehicles Australia","isPartOf":{"@id":"https:\/\/aerovehicles.net\/#website"},"primaryImageOfPage":{"@id":"https:\/\/aerovehicles.net\/aerovehicles-australia\/#primaryimage"},"image":{"@id":"https:\/\/aerovehicles.net\/aerovehicles-australia\/#primaryimage"},"thumbnailUrl":"https:\/\/aerovehicles.net\/wp-content\/uploads\/2024\/10\/3-2.jpg","datePublished":"2024-10-16T23:34:35+00:00","dateModified":"2026-02-28T18:51:09+00:00","description":"Aerovehicles Australia offers airship and aviation services and aerial mapping services, aircraft sales & leasing, and support solutions for commercial and government clients across Australia and the APAC region.","breadcrumb":{"@id":"https:\/\/aerovehicles.net\/aerovehicles-australia\/#breadcrumb"},"inLanguage":"es","potentialAction":[{"@type":"ReadAction","target":["https:\/\/aerovehicles.net\/aerovehicles-australia\/"]}]},{"@type":"ImageObject","inLanguage":"es","@id":"https:\/\/aerovehicles.net\/aerovehicles-australia\/#primaryimage","url":"https:\/\/aerovehicles.net\/wp-content\/uploads\/2024\/10\/3-2.jpg","contentUrl":"https:\/\/aerovehicles.net\/wp-content\/uploads\/2024\/10\/3-2.jpg","width":1280,"height":720},{"@type":"BreadcrumbList","@id":"https:\/\/aerovehicles.net\/aerovehicles-australia\/#breadcrumb","itemListElement":[{"@type":"ListItem","position":1,"name":"Home","item":"https:\/\/aerovehicles.net\/"},{"@type":"ListItem","position":2,"name":"Australia"}]},{"@type":"WebSite","@id":"https:\/\/aerovehicles.net\/#website","url":"https:\/\/aerovehicles.net\/","name":"Aerovehicles","description":"Airborne Solutions","publisher":{"@id":"https:\/\/aerovehicles.net\/#organization"},"potentialAction":[{"@type":"SearchAction","target":{"@type":"EntryPoint","urlTemplate":"https:\/\/aerovehicles.net\/?s={search_term_string}"},"query-input":{"@type":"PropertyValueSpecification","valueRequired":true,"valueName":"search_term_string"}}],"inLanguage":"es"},{"@type":"Organization","@id":"https:\/\/aerovehicles.net\/#organization","name":"Aerovehicles","url":"https:\/\/aerovehicles.net\/","logo":{"@type":"ImageObject","inLanguage":"es","@id":"https:\/\/aerovehicles.net\/#\/schema\/logo\/image\/","url":"https:\/\/aerovehicles.net\/wp-content\/uploads\/2024\/10\/cropped-cropped-AVI-Logo-2020-v2-logo-wp-1.png","contentUrl":"https:\/\/aerovehicles.net\/wp-content\/uploads\/2024\/10\/cropped-cropped-AVI-Logo-2020-v2-logo-wp-1.png","width":312,"height":200,"caption":"Aerovehicles"},"image":{"@id":"https:\/\/aerovehicles.net\/#\/schema\/logo\/image\/"},"sameAs":["https:\/\/www.facebook.com\/aerovehicles","https:\/\/x.com\/AeroVehicles","https:\/\/www.linkedin.com\/company\/aerovehicles-inc-","https:\/\/instagram.com\/aerovehicles"]}]}},"_links":{"self":[{"href":"https:\/\/aerovehicles.net\/es\/wp-json\/wp\/v2\/pages\/323","targetHints":{"allow":["GET"]}}],"collection":[{"href":"https:\/\/aerovehicles.net\/es\/wp-json\/wp\/v2\/pages"}],"about":[{"href":"https:\/\/aerovehicles.net\/es\/wp-json\/wp\/v2\/types\/page"}],"author":[{"embeddable":true,"href":"https:\/\/aerovehicles.net\/es\/wp-json\/wp\/v2\/users\/1"}],"replies":[{"embeddable":true,"href":"https:\/\/aerovehicles.net\/es\/wp-json\/wp\/v2\/comments?post=323"}],"version-history":[{"count":13,"href":"https:\/\/aerovehicles.net\/es\/wp-json\/wp\/v2\/pages\/323\/revisions"}],"predecessor-version":[{"id":1634,"href":"https:\/\/aerovehicles.net\/es\/wp-json\/wp\/v2\/pages\/323\/revisions\/1634"}],"wp:featuredmedia":[{"embeddable":true,"href":"https:\/\/aerovehicles.net\/es\/wp-json\/wp\/v2\/media\/819"}],"wp:attachment":[{"href":"https:\/\/aerovehicles.net\/es\/wp-json\/wp\/v2\/media?parent=323"}],"curies":[{"name":"wp","href":"https:\/\/api.w.org\/{rel}","templated":true}]}}