{"id":320,"date":"2024-10-16T23:33:16","date_gmt":"2024-10-16T23:33:16","guid":{"rendered":"https:\/\/aerovehicles.net\/?page_id=320"},"modified":"2026-02-28T16:58:15","modified_gmt":"2026-02-28T19:58:15","slug":"aerovehicles-argentina","status":"publish","type":"page","link":"https:\/\/aerovehicles.net\/es\/aerovehicles-argentina\/","title":{"rendered":"Argentina"},"content":{"rendered":"<div class=\"map_wrapper\" id=\"map_wrapper_1178\">\n<div class=\"map_box\" style=\"max-width:2000px\">\n<div class=\"map_aspect_ratio\" style=\"padding-top:40%\" data-padding-top=\"40%\" data-padding-top-mobile=\"0%\">\n<div class=\"map_container\">\n<div class=\"map_render map_loading\" id=\"map_1178\"><\/div>\n<\/div>\n<\/div>\n<\/div>\n<\/div>\n\n\n\n<h2 class=\"wp-block-heading has-large-font-size\">Argentina<\/h2>\n\n\n\n<p class=\"has-medium-font-size\">Administraci\u00f3n<\/p>\n\n\n\n<p class=\"has-medium-font-size\">Merlo, San Luis \u2013 AR<\/p>\n\n\n\n<p class=\"has-medium-font-size\">Aerovehicles Argentina, una \u201cSucursal Empresa Extranjera\u201d fundada en 2012, ofrece una variedad de servicios de mapeo a\u00e9reo, operaciones de venta y arrendamiento en Argentina. Nuestro equipo est\u00e1 dedicado a proporcionar a nuestros clientes las mejores soluciones posibles para sus necesidades, utilizando tecnolog\u00eda y t\u00e9cnicas de vanguardia para entregar resultados precisos y confiables. Estamos comprometidos con la innovaci\u00f3n y la excelencia, y nos hemos establecido r\u00e1pidamente como un socio de confianza para las empresas en Argentina.<\/p>\n\n\n\n\t<!-- wpshopmart team builder wrapper -->\r\n\t<div class=\"wpsm_team_3_b_row\" id=\"wpsm_team_3_b_row_897\">\r\n\t\t<div class=\"wpsm_row\">  \r\n\t\t\t<style>\r\n\t\t\t#wpsm_team_3_b_row_897 .wpsm_row{\r\n\t\t\t\tpadding:20px 0;\r\n\t\t\t}\r\n\t\t\t#wpsm_team_3_b_row_897 .wpsm_team_3_member_wrapper_inner h3{\r\n\t\t\t\tcolor:#000000 !important;\r\n\t\t\t\tfont-size:18px !important;\r\n\t\t\t\t\t\t\t\t  font-family:'Open Sans';\r\n\t\t\t\t\t\t\t\t\r\n\t\t\t}\r\n\t\t\t#wpsm_team_3_b_row_897 .wpsm_team_3_name_divider{\r\n\t\t\t\tbackground-color:#000000 !important;\r\n\t\t\t}\r\n\t\t\t#wpsm_team_3_b_row_897 .wpsm_team_3_b_desig{\r\n\t\t\t\tcolor:#000000 !important;\r\n\t\t\t\tfont-size:14px !important;\r\n\t\t\t\t\t\t\t\t   font-family:'Open Sans';\r\n\t\t\t\t\t\t\t}\r\n\t\t\t#wpsm_team_3_b_row_897 .wpsm_team_3_b_desc{\r\n\t\t\t\tcolor:#000000 !important;\r\n\t\t\t\tfont-size:14px !important;\r\n\t\t\t\t\t\t\t\t   font-family:'Open Sans';\r\n\t\t\t\t\t\t\t}\r\n\t\t\t#wpsm_team_3_b_row_897  p{\r\n\t\t\t\tcolor:#000000 !important;\r\n\t\t\t\tfont-size:14px !important;\r\n\t\t\t    \t\t\t\t   font-family:'Open Sans';\r\n\t\t\t\t\t\t\t\t\r\n\t\t\t}\r\n\t\t\t#wpsm_team_3_b_row_897 .wpsm_team_3_name_divider {\r\n\t\t\t\theight: 0px;\r\n\t\t\t}\r\n\t\t\t\r\n\t\t\t#wpsm_team_3_b_row_897 .wpsm_team_3_social_div a i{\r\n\t\t\t\tcolor:#4f4f4f !important;\r\n\t\t\t\tbackground: transparent !important;\r\n\t\t\t}\r\n\t\t\t#wpsm_team_3_b_row_897 .wpsm_tram_img_wrap {\r\n\t\t\t  width: 100px !important;\r\n\t\t\t  height: 100px !important;\r\n\t\t\t  border-radius: 50% !important;\r\n\t\t\t  position: relative !important;\r\n\t\t\t  overflow: hidden !important;\r\n\t\t\t  margin-left:auto !important;\r\n\t\t\t  margin-right:auto !important;\r\n\t\t\t}\r\n\t\t\t#wpsm_team_3_b_row_897 .wpsm_tram_img_wrap img {\r\n\t\t\t  min-width: 100% !important;\r\n\t\t\t  min-height: 100% !important;\r\n\t\t\t  width: auto !important;\r\n\t\t\t  height: auto !important;\r\n\t\t\t  position: absolute !important;\r\n\t\t\t  left: 50% !important;\r\n\t\t\t  top: 50% !important;\r\n\t\t\t  -webkit-transform: translate(-50%, -50%) !important;\r\n\t\t\t  -moz-transform: translate(-50%, -50%) !important;\r\n\t\t\t  -ms-transform: translate(-50%, -50%) !important;\r\n\t\t\t\ttransform: translate(-50%, -50%) !important;\r\n\t\t\t\t}\r\n\t\t\t\t\r\n\t\t\t\t#wpsm_team_3_b_row_897 .wpsm_team_3_member_wrapper{\r\n\t\t\t\tbackground:#ffffff !important;\r\n\t\t\t}\r\n\t\t\t\t\t\t\r\n\t\t\t<\/style>\r\n\t\t\t\t\t\t \r\n\t\t\t\t\t<div class=\"wpsm_col-md-4 wpsm_col-sm-6 wpsm-col-div wpsm_single_team\">\r\n\t\t\t\t\t\t<div class=\"wpsm_team_3_member_wrapper\">\r\n\t\t\t\t\t\t\t<div class=\"wpsm_tram_img_wrap\">\r\n\t\t\t\t\t\t\t  <img decoding=\"async\" class=\"img-responsive wpsm_team_3_mem_img lazyload\" data-src=\"https:\/\/aerovehicles.net\/wp-content\/uploads\/2024\/10\/rod.jpg\" alt=\"Rodrigo Massaccesi Rodrigo\" src=\"data:image\/svg+xml;base64,PHN2ZyB3aWR0aD0iMSIgaGVpZ2h0PSIxIiB4bWxucz0iaHR0cDovL3d3dy53My5vcmcvMjAwMC9zdmciPjwvc3ZnPg==\" style=\"--smush-placeholder-width: 182px; --smush-placeholder-aspect-ratio: 182\/182;\">\r\n\t\t\t\t\t\t\t<\/div>\r\n\t\t\t\t\t\t\t\r\n\t\t\t\t\t\t\t<div class=\"wpsm_team_3_member_wrapper_inner\">\r\n\t\t\t\t\t\t\t\t<h3>\r\n\t\t\t\t\t\t\t\t\tRodrigo Massaccesi Rodrigo\t\t\t\t\t\t\t\t\t<div class=\"wpsm_team_3_name_divider\"><\/div>\r\n\t\t\t\t\t\t\t\t<\/h3>\r\n\t\t\t\t\t\t\t\t<span class=\"wpsm_team_3_b_desig\"> Presidente Aerovehicles Argentina <\/span> \t\t\t\t\t\t\t\t\t\t\t\t\t\t\t\t<div class=\"wpsm_team_3_social_div\">\r\n\t\t\t\t\t\t\t\t\t\t\t\t\t\t\t\t\t\t\t\t\t\t\t\t\t\t\t<a href=\"https:\/\/linkedin.com\/in\/rodrigo-massaccesi-rodrigo\" target=\"_blank\" title=\"linkedin profile\"><i class=\"fa fa-linkedin\"><\/i><\/a>\t\t\t\t\t\t\t\t\t\t\t\t\t\t\t\t\t<\/div>\r\n\t\t\t\t\t\t\t<\/div>\r\n\t\t\t\t\t\t<\/div>\r\n\t\t\t\t\t<\/div>\r\n\t\t\t\t\t\t\t\t\t\t\t\t\t \r\n\t\t\t\t\t<div class=\"wpsm_col-md-4 wpsm_col-sm-6 wpsm-col-div wpsm_single_team\">\r\n\t\t\t\t\t\t<div class=\"wpsm_team_3_member_wrapper\">\r\n\t\t\t\t\t\t\t<div class=\"wpsm_tram_img_wrap\">\r\n\t\t\t\t\t\t\t  <img decoding=\"async\" class=\"img-responsive wpsm_team_3_mem_img lazyload\" data-src=\"https:\/\/aerovehicles.net\/wp-content\/uploads\/2026\/04\/Ezequiel-Haurigot.jpg\" alt=\"Ezequiel Miguel Haurigot Bergad\u00e1 Mugica\" src=\"data:image\/svg+xml;base64,PHN2ZyB3aWR0aD0iMSIgaGVpZ2h0PSIxIiB4bWxucz0iaHR0cDovL3d3dy53My5vcmcvMjAwMC9zdmciPjwvc3ZnPg==\" style=\"--smush-placeholder-width: 400px; --smush-placeholder-aspect-ratio: 400\/400;\">\r\n\t\t\t\t\t\t\t<\/div>\r\n\t\t\t\t\t\t\t\r\n\t\t\t\t\t\t\t<div class=\"wpsm_team_3_member_wrapper_inner\">\r\n\t\t\t\t\t\t\t\t<h3>\r\n\t\t\t\t\t\t\t\t\tEzequiel Miguel Haurigot Bergad\u00e1 Mugica\t\t\t\t\t\t\t\t\t<div class=\"wpsm_team_3_name_divider\"><\/div>\r\n\t\t\t\t\t\t\t\t<\/h3>\r\n\t\t\t\t\t\t\t\t<span class=\"wpsm_team_3_b_desig\"> Oficial de Log\u00edstica <\/span> \t\t\t\t\t\t\t\t\t\t\t\t\t\t\t\t<div class=\"wpsm_team_3_social_div\">\r\n\t\t\t\t\t\t\t\t\t\t\t\t\t\t\t\t\t\t\t\t\t\t\t\t\t\t\t<a href=\"https:\/\/linkedin.com\/in\/ezequiel-miguel-haurigot-bergad-mugica-00405714\" target=\"_blank\" title=\"linkedin profile\"><i class=\"fa fa-linkedin\"><\/i><\/a>\t\t\t\t\t\t\t\t\t\t\t\t\t\t\t\t\t<\/div>\r\n\t\t\t\t\t\t\t<\/div>\r\n\t\t\t\t\t\t<\/div>\r\n\t\t\t\t\t<\/div>\r\n\t\t\t\t\t\t\t\t\t\t\t\t\r\n\t\t<\/div>\r\n\t<\/div>\n\n\n\n<hr class=\"wp-block-separator has-alpha-channel-opacity\"\/>\n\n\n\n<p class=\"has-medium-font-size\"><\/p>\n\n\n\n<div class=\"wp-block-buttons is-layout-flex wp-block-buttons-is-layout-flex\">\n<div class=\"wp-block-button\"><a class=\"wp-block-button__link wp-element-button\">Cont\u00e1ctenos<\/a><\/div>\n<\/div>\n\n\n\n<p><\/p>","protected":false},"excerpt":{"rendered":"<p>Argentina Administration Merlo, San Luis \u2013 AR Aerovehicles Argentina, a \u201cSucursal Empresa Extranjera\u201d founded in 2012, offers a range of airborne mapping services, sales, and leasing operations in Argentina. Our team is dedicated to providing our clients with the best possible solutions for their needs, using state-of-the-art technology and techniques to deliver accurate and reliable<span class=\"post-excerpt-end\">&hellip;<\/span><\/p>\n<p class=\"more-link\"><a href=\"https:\/\/aerovehicles.net\/es\/?p=897\" class=\"themebutton\">Leer m\u00e1s<\/a><\/p>","protected":false},"author":1,"featured_media":1601,"parent":0,"menu_order":0,"comment_status":"closed","ping_status":"closed","template":"","meta":{"footnotes":""},"class_list":["post-320","page","type-page","status-publish","has-post-thumbnail","hentry"],"yoast_head":"<!-- This site is optimized with the Yoast SEO plugin v27.3 - https:\/\/yoast.com\/product\/yoast-seo-wordpress\/ -->\n<title>Argentina - Aerovehicles<\/title>\n<meta name=\"description\" content=\"Aerovehicles Argentina in Merlo, San Luis provides comprehensive aviation services, aerial mapping, aircraft sales and leasing. Advanced technologies and support for commercial and government clients across Argentina\" \/>\n<meta name=\"robots\" content=\"index, follow, max-snippet:-1, max-image-preview:large, max-video-preview:-1\" \/>\n<link rel=\"canonical\" href=\"https:\/\/aerovehicles.net\/es\/aerovehicles-argentina\/\" \/>\n<meta property=\"og:locale\" content=\"es_ES\" \/>\n<meta property=\"og:type\" content=\"article\" \/>\n<meta property=\"og:title\" content=\"Argentina - Aerovehicles\" \/>\n<meta property=\"og:description\" content=\"Aerovehicles Argentina in Merlo, San Luis provides comprehensive aviation services, aerial mapping, aircraft sales and leasing. Advanced technologies and support for commercial and government clients across Argentina\" \/>\n<meta property=\"og:url\" content=\"https:\/\/aerovehicles.net\/es\/aerovehicles-argentina\/\" \/>\n<meta property=\"og:site_name\" content=\"Aerovehicles\" \/>\n<meta property=\"article:publisher\" content=\"https:\/\/www.facebook.com\/aerovehicles\" \/>\n<meta property=\"article:modified_time\" content=\"2026-02-28T19:58:15+00:00\" \/>\n<meta property=\"og:image\" content=\"https:\/\/aerovehicles.net\/wp-content\/uploads\/2026\/02\/Zero-1024x683.png\" \/>\n\t<meta property=\"og:image:width\" content=\"1024\" \/>\n\t<meta property=\"og:image:height\" content=\"683\" \/>\n\t<meta property=\"og:image:type\" content=\"image\/png\" \/>\n<meta name=\"twitter:card\" content=\"summary_large_image\" \/>\n<meta name=\"twitter:site\" content=\"@AeroVehicles\" \/>\n<meta name=\"twitter:label1\" content=\"Tiempo de lectura\" \/>\n\t<meta name=\"twitter:data1\" content=\"1 minuto\" \/>\n<script type=\"application\/ld+json\" class=\"yoast-schema-graph\">{\"@context\":\"https:\\\/\\\/schema.org\",\"@graph\":[{\"@type\":\"WebPage\",\"@id\":\"https:\\\/\\\/aerovehicles.net\\\/aerovehicles-argentina\\\/\",\"url\":\"https:\\\/\\\/aerovehicles.net\\\/aerovehicles-argentina\\\/\",\"name\":\"Argentina - Aerovehicles\",\"isPartOf\":{\"@id\":\"https:\\\/\\\/aerovehicles.net\\\/#website\"},\"primaryImageOfPage\":{\"@id\":\"https:\\\/\\\/aerovehicles.net\\\/aerovehicles-argentina\\\/#primaryimage\"},\"image\":{\"@id\":\"https:\\\/\\\/aerovehicles.net\\\/aerovehicles-argentina\\\/#primaryimage\"},\"thumbnailUrl\":\"https:\\\/\\\/aerovehicles.net\\\/wp-content\\\/uploads\\\/2026\\\/02\\\/Zero.png\",\"datePublished\":\"2024-10-16T23:33:16+00:00\",\"dateModified\":\"2026-02-28T19:58:15+00:00\",\"description\":\"Aerovehicles Argentina in Merlo, San Luis provides comprehensive aviation services, aerial mapping, aircraft sales and leasing. Advanced technologies and support for commercial and government clients across Argentina\",\"breadcrumb\":{\"@id\":\"https:\\\/\\\/aerovehicles.net\\\/aerovehicles-argentina\\\/#breadcrumb\"},\"inLanguage\":\"es\",\"potentialAction\":[{\"@type\":\"ReadAction\",\"target\":[\"https:\\\/\\\/aerovehicles.net\\\/aerovehicles-argentina\\\/\"]}]},{\"@type\":\"ImageObject\",\"inLanguage\":\"es\",\"@id\":\"https:\\\/\\\/aerovehicles.net\\\/aerovehicles-argentina\\\/#primaryimage\",\"url\":\"https:\\\/\\\/aerovehicles.net\\\/wp-content\\\/uploads\\\/2026\\\/02\\\/Zero.png\",\"contentUrl\":\"https:\\\/\\\/aerovehicles.net\\\/wp-content\\\/uploads\\\/2026\\\/02\\\/Zero.png\",\"width\":1536,\"height\":1024},{\"@type\":\"BreadcrumbList\",\"@id\":\"https:\\\/\\\/aerovehicles.net\\\/aerovehicles-argentina\\\/#breadcrumb\",\"itemListElement\":[{\"@type\":\"ListItem\",\"position\":1,\"name\":\"Home\",\"item\":\"https:\\\/\\\/aerovehicles.net\\\/\"},{\"@type\":\"ListItem\",\"position\":2,\"name\":\"Argentina\"}]},{\"@type\":\"WebSite\",\"@id\":\"https:\\\/\\\/aerovehicles.net\\\/#website\",\"url\":\"https:\\\/\\\/aerovehicles.net\\\/\",\"name\":\"Aerovehicles\",\"description\":\"Airborne Solutions\",\"publisher\":{\"@id\":\"https:\\\/\\\/aerovehicles.net\\\/#organization\"},\"potentialAction\":[{\"@type\":\"SearchAction\",\"target\":{\"@type\":\"EntryPoint\",\"urlTemplate\":\"https:\\\/\\\/aerovehicles.net\\\/?s={search_term_string}\"},\"query-input\":{\"@type\":\"PropertyValueSpecification\",\"valueRequired\":true,\"valueName\":\"search_term_string\"}}],\"inLanguage\":\"es\"},{\"@type\":\"Organization\",\"@id\":\"https:\\\/\\\/aerovehicles.net\\\/#organization\",\"name\":\"Aerovehicles\",\"url\":\"https:\\\/\\\/aerovehicles.net\\\/\",\"logo\":{\"@type\":\"ImageObject\",\"inLanguage\":\"es\",\"@id\":\"https:\\\/\\\/aerovehicles.net\\\/#\\\/schema\\\/logo\\\/image\\\/\",\"url\":\"https:\\\/\\\/aerovehicles.net\\\/wp-content\\\/uploads\\\/2024\\\/10\\\/cropped-cropped-AVI-Logo-2020-v2-logo-wp-1.png\",\"contentUrl\":\"https:\\\/\\\/aerovehicles.net\\\/wp-content\\\/uploads\\\/2024\\\/10\\\/cropped-cropped-AVI-Logo-2020-v2-logo-wp-1.png\",\"width\":312,\"height\":200,\"caption\":\"Aerovehicles\"},\"image\":{\"@id\":\"https:\\\/\\\/aerovehicles.net\\\/#\\\/schema\\\/logo\\\/image\\\/\"},\"sameAs\":[\"https:\\\/\\\/www.facebook.com\\\/aerovehicles\",\"https:\\\/\\\/x.com\\\/AeroVehicles\",\"https:\\\/\\\/www.linkedin.com\\\/company\\\/aerovehicles-inc-\",\"https:\\\/\\\/instagram.com\\\/aerovehicles\"]}]}<\/script>\n<!-- \/ Yoast SEO plugin. -->","yoast_head_json":{"title":"Argentina - Aerovehicles","description":"Aerovehicles Argentina in Merlo, San Luis provides comprehensive aviation services, aerial mapping, aircraft sales and leasing. Advanced technologies and support for commercial and government clients across Argentina","robots":{"index":"index","follow":"follow","max-snippet":"max-snippet:-1","max-image-preview":"max-image-preview:large","max-video-preview":"max-video-preview:-1"},"canonical":"https:\/\/aerovehicles.net\/es\/aerovehicles-argentina\/","og_locale":"es_ES","og_type":"article","og_title":"Argentina - Aerovehicles","og_description":"Aerovehicles Argentina in Merlo, San Luis provides comprehensive aviation services, aerial mapping, aircraft sales and leasing. Advanced technologies and support for commercial and government clients across Argentina","og_url":"https:\/\/aerovehicles.net\/es\/aerovehicles-argentina\/","og_site_name":"Aerovehicles","article_publisher":"https:\/\/www.facebook.com\/aerovehicles","article_modified_time":"2026-02-28T19:58:15+00:00","og_image":[{"width":1024,"height":683,"url":"https:\/\/aerovehicles.net\/wp-content\/uploads\/2026\/02\/Zero-1024x683.png","type":"image\/png"}],"twitter_card":"summary_large_image","twitter_site":"@AeroVehicles","twitter_misc":{"Tiempo de lectura":"1 minuto"},"schema":{"@context":"https:\/\/schema.org","@graph":[{"@type":"WebPage","@id":"https:\/\/aerovehicles.net\/aerovehicles-argentina\/","url":"https:\/\/aerovehicles.net\/aerovehicles-argentina\/","name":"Argentina - Aerovehicles","isPartOf":{"@id":"https:\/\/aerovehicles.net\/#website"},"primaryImageOfPage":{"@id":"https:\/\/aerovehicles.net\/aerovehicles-argentina\/#primaryimage"},"image":{"@id":"https:\/\/aerovehicles.net\/aerovehicles-argentina\/#primaryimage"},"thumbnailUrl":"https:\/\/aerovehicles.net\/wp-content\/uploads\/2026\/02\/Zero.png","datePublished":"2024-10-16T23:33:16+00:00","dateModified":"2026-02-28T19:58:15+00:00","description":"Aerovehicles Argentina in Merlo, San Luis provides comprehensive aviation services, aerial mapping, aircraft sales and leasing. Advanced technologies and support for commercial and government clients across Argentina","breadcrumb":{"@id":"https:\/\/aerovehicles.net\/aerovehicles-argentina\/#breadcrumb"},"inLanguage":"es","potentialAction":[{"@type":"ReadAction","target":["https:\/\/aerovehicles.net\/aerovehicles-argentina\/"]}]},{"@type":"ImageObject","inLanguage":"es","@id":"https:\/\/aerovehicles.net\/aerovehicles-argentina\/#primaryimage","url":"https:\/\/aerovehicles.net\/wp-content\/uploads\/2026\/02\/Zero.png","contentUrl":"https:\/\/aerovehicles.net\/wp-content\/uploads\/2026\/02\/Zero.png","width":1536,"height":1024},{"@type":"BreadcrumbList","@id":"https:\/\/aerovehicles.net\/aerovehicles-argentina\/#breadcrumb","itemListElement":[{"@type":"ListItem","position":1,"name":"Home","item":"https:\/\/aerovehicles.net\/"},{"@type":"ListItem","position":2,"name":"Argentina"}]},{"@type":"WebSite","@id":"https:\/\/aerovehicles.net\/#website","url":"https:\/\/aerovehicles.net\/","name":"Aerovehicles","description":"Airborne Solutions","publisher":{"@id":"https:\/\/aerovehicles.net\/#organization"},"potentialAction":[{"@type":"SearchAction","target":{"@type":"EntryPoint","urlTemplate":"https:\/\/aerovehicles.net\/?s={search_term_string}"},"query-input":{"@type":"PropertyValueSpecification","valueRequired":true,"valueName":"search_term_string"}}],"inLanguage":"es"},{"@type":"Organization","@id":"https:\/\/aerovehicles.net\/#organization","name":"Aerovehicles","url":"https:\/\/aerovehicles.net\/","logo":{"@type":"ImageObject","inLanguage":"es","@id":"https:\/\/aerovehicles.net\/#\/schema\/logo\/image\/","url":"https:\/\/aerovehicles.net\/wp-content\/uploads\/2024\/10\/cropped-cropped-AVI-Logo-2020-v2-logo-wp-1.png","contentUrl":"https:\/\/aerovehicles.net\/wp-content\/uploads\/2024\/10\/cropped-cropped-AVI-Logo-2020-v2-logo-wp-1.png","width":312,"height":200,"caption":"Aerovehicles"},"image":{"@id":"https:\/\/aerovehicles.net\/#\/schema\/logo\/image\/"},"sameAs":["https:\/\/www.facebook.com\/aerovehicles","https:\/\/x.com\/AeroVehicles","https:\/\/www.linkedin.com\/company\/aerovehicles-inc-","https:\/\/instagram.com\/aerovehicles"]}]}},"_links":{"self":[{"href":"https:\/\/aerovehicles.net\/es\/wp-json\/wp\/v2\/pages\/320","targetHints":{"allow":["GET"]}}],"collection":[{"href":"https:\/\/aerovehicles.net\/es\/wp-json\/wp\/v2\/pages"}],"about":[{"href":"https:\/\/aerovehicles.net\/es\/wp-json\/wp\/v2\/types\/page"}],"author":[{"embeddable":true,"href":"https:\/\/aerovehicles.net\/es\/wp-json\/wp\/v2\/users\/1"}],"replies":[{"embeddable":true,"href":"https:\/\/aerovehicles.net\/es\/wp-json\/wp\/v2\/comments?post=320"}],"version-history":[{"count":9,"href":"https:\/\/aerovehicles.net\/es\/wp-json\/wp\/v2\/pages\/320\/revisions"}],"predecessor-version":[{"id":1657,"href":"https:\/\/aerovehicles.net\/es\/wp-json\/wp\/v2\/pages\/320\/revisions\/1657"}],"wp:featuredmedia":[{"embeddable":true,"href":"https:\/\/aerovehicles.net\/es\/wp-json\/wp\/v2\/media\/1601"}],"wp:attachment":[{"href":"https:\/\/aerovehicles.net\/es\/wp-json\/wp\/v2\/media?parent=320"}],"curies":[{"name":"wp","href":"https:\/\/api.w.org\/{rel}","templated":true}]}}