{"id":259,"date":"2024-10-15T01:18:22","date_gmt":"2024-10-15T01:18:22","guid":{"rendered":"https:\/\/aerovehicles.net\/?page_id=259"},"modified":"2026-02-28T15:57:21","modified_gmt":"2026-02-28T18:57:21","slug":"business-developement-and-government-relations","status":"publish","type":"page","link":"https:\/\/aerovehicles.net\/es\/business-developement-and-government-relations\/","title":{"rendered":"Desarrollo de negocios y Relaciones gubernamentales"},"content":{"rendered":"<h2 class=\"wp-block-heading has-large-font-size\">Desarrollo de negocios y Relaciones gubernamentales<\/h2>\n\n\n\n<p class=\"has-medium-font-size\">Estamos comprometidos a alcanzar nuestra visi\u00f3n de convertirnos en un proveedor de primer nivel de productos y servicios innovadores para la industria aeroespacial, atendiendo tanto los sectores de Defensa y Seguridad como el Civil. Nuestras equipos de Desarrollo de Negocios y Relaciones Gubernamentales construyen activamente asociaciones s\u00f3lidas y colaborativas con los principales actores del sector aeroespacial en Argentina, Paraguay, Estados Unidos, Canad\u00e1 y a nivel mundial a trav\u00e9s de nuestra red de confianza.<\/p>\n\n\n\n<p class=\"has-medium-font-size\">Estas conexiones fortalecen nuestro crecimiento y nos ayudan a tener un impacto duradero en la industria aeroespacial. \u00danase a nosotros para dar forma al futuro de la aviaci\u00f3n: colabore con nosotros para avanzar en la innovaci\u00f3n.<\/p>\n\n\n\n<p><\/p>\n\n\n\n<hr class=\"wp-block-separator has-alpha-channel-opacity\"\/>\n\n\n\n<p><\/p>\n\n\n\n<h2 class=\"wp-block-heading has-large-font-size\"><\/h2>\n\n\n\n<div class=\"wp-block-buttons is-layout-flex wp-block-buttons-is-layout-flex\">\n<div class=\"wp-block-button\"><a class=\"wp-block-button__link wp-element-button\" href=\"https:\/\/aerovehicles.net\/contact-us\/\">Cont\u00e1ctenos<\/a><\/div>\n<\/div>\n\n\n\n<p><\/p>","protected":false},"excerpt":{"rendered":"<p>Business Development and Government Relations We are committed to achieving our vision of becoming a premier provider of innovative products and services for the aerospace industry, serving both the Defense &amp; Security and Civil sectors. Our Business Development and Government Relations teams actively build strong, collaborative partnerships with key aerospace stakeholders across Argentina, Paraguay, the<span class=\"post-excerpt-end\">&hellip;<\/span><\/p>\n<p class=\"more-link\"><a href=\"https:\/\/aerovehicles.net\/es\/business-developement-and-government-relations\/\" class=\"themebutton\">Leer m\u00e1s<\/a><\/p>","protected":false},"author":1,"featured_media":1471,"parent":0,"menu_order":0,"comment_status":"closed","ping_status":"closed","template":"","meta":{"footnotes":""},"class_list":["post-259","page","type-page","status-publish","has-post-thumbnail","hentry"],"yoast_head":"<!-- This site is optimized with the Yoast SEO plugin v27.3 - https:\/\/yoast.com\/product\/yoast-seo-wordpress\/ -->\n<title>Business Development and Government Relations - Aerovehicles<\/title>\n<meta name=\"description\" content=\"Aerovehicles leads aerospace business development and government relations, fostering strategic commercial and defense partnerships, market expansion and institutional engagement across global aviation and aerospace sectors.\" \/>\n<meta name=\"robots\" content=\"index, follow, max-snippet:-1, max-image-preview:large, max-video-preview:-1\" \/>\n<link rel=\"canonical\" href=\"https:\/\/aerovehicles.net\/es\/business-developement-and-government-relations\/\" \/>\n<meta property=\"og:locale\" content=\"es_ES\" \/>\n<meta property=\"og:type\" content=\"article\" \/>\n<meta property=\"og:title\" content=\"Business Development and Government Relations - Aerovehicles\" \/>\n<meta property=\"og:description\" content=\"Aerovehicles leads aerospace business development and government relations, fostering strategic commercial and defense partnerships, market expansion and institutional engagement across global aviation and aerospace sectors.\" \/>\n<meta property=\"og:url\" content=\"https:\/\/aerovehicles.net\/es\/business-developement-and-government-relations\/\" \/>\n<meta property=\"og:site_name\" content=\"Aerovehicles\" \/>\n<meta property=\"article:publisher\" content=\"https:\/\/www.facebook.com\/aerovehicles\" \/>\n<meta property=\"article:modified_time\" content=\"2026-02-28T18:57:21+00:00\" \/>\n<meta property=\"og:image\" content=\"https:\/\/aerovehicles.net\/wp-content\/uploads\/2026\/02\/IMG_2834-scaled.jpeg\" \/>\n\t<meta property=\"og:image:width\" content=\"2560\" \/>\n\t<meta property=\"og:image:height\" content=\"1920\" \/>\n\t<meta property=\"og:image:type\" content=\"image\/jpeg\" \/>\n<meta name=\"twitter:card\" content=\"summary_large_image\" \/>\n<meta name=\"twitter:site\" content=\"@AeroVehicles\" \/>\n<meta name=\"twitter:label1\" content=\"Tiempo de lectura\" \/>\n\t<meta name=\"twitter:data1\" content=\"1 minuto\" \/>\n<script type=\"application\/ld+json\" class=\"yoast-schema-graph\">{\"@context\":\"https:\\\/\\\/schema.org\",\"@graph\":[{\"@type\":\"WebPage\",\"@id\":\"https:\\\/\\\/aerovehicles.net\\\/business-developement-and-government-relations\\\/\",\"url\":\"https:\\\/\\\/aerovehicles.net\\\/business-developement-and-government-relations\\\/\",\"name\":\"Business Development and Government Relations - Aerovehicles\",\"isPartOf\":{\"@id\":\"https:\\\/\\\/aerovehicles.net\\\/#website\"},\"primaryImageOfPage\":{\"@id\":\"https:\\\/\\\/aerovehicles.net\\\/business-developement-and-government-relations\\\/#primaryimage\"},\"image\":{\"@id\":\"https:\\\/\\\/aerovehicles.net\\\/business-developement-and-government-relations\\\/#primaryimage\"},\"thumbnailUrl\":\"https:\\\/\\\/aerovehicles.net\\\/wp-content\\\/uploads\\\/2026\\\/02\\\/IMG_2834-scaled.jpeg\",\"datePublished\":\"2024-10-15T01:18:22+00:00\",\"dateModified\":\"2026-02-28T18:57:21+00:00\",\"description\":\"Aerovehicles leads aerospace business development and government relations, fostering strategic commercial and defense partnerships, market expansion and institutional engagement across global aviation and aerospace sectors.\",\"breadcrumb\":{\"@id\":\"https:\\\/\\\/aerovehicles.net\\\/business-developement-and-government-relations\\\/#breadcrumb\"},\"inLanguage\":\"es\",\"potentialAction\":[{\"@type\":\"ReadAction\",\"target\":[\"https:\\\/\\\/aerovehicles.net\\\/business-developement-and-government-relations\\\/\"]}]},{\"@type\":\"ImageObject\",\"inLanguage\":\"es\",\"@id\":\"https:\\\/\\\/aerovehicles.net\\\/business-developement-and-government-relations\\\/#primaryimage\",\"url\":\"https:\\\/\\\/aerovehicles.net\\\/wp-content\\\/uploads\\\/2026\\\/02\\\/IMG_2834-scaled.jpeg\",\"contentUrl\":\"https:\\\/\\\/aerovehicles.net\\\/wp-content\\\/uploads\\\/2026\\\/02\\\/IMG_2834-scaled.jpeg\",\"width\":2560,\"height\":1920,\"caption\":\"Mobius OPV\"},{\"@type\":\"BreadcrumbList\",\"@id\":\"https:\\\/\\\/aerovehicles.net\\\/business-developement-and-government-relations\\\/#breadcrumb\",\"itemListElement\":[{\"@type\":\"ListItem\",\"position\":1,\"name\":\"Home\",\"item\":\"https:\\\/\\\/aerovehicles.net\\\/\"},{\"@type\":\"ListItem\",\"position\":2,\"name\":\"Business Development and Government Relations\"}]},{\"@type\":\"WebSite\",\"@id\":\"https:\\\/\\\/aerovehicles.net\\\/#website\",\"url\":\"https:\\\/\\\/aerovehicles.net\\\/\",\"name\":\"Aerovehicles\",\"description\":\"Airborne Solutions\",\"publisher\":{\"@id\":\"https:\\\/\\\/aerovehicles.net\\\/#organization\"},\"potentialAction\":[{\"@type\":\"SearchAction\",\"target\":{\"@type\":\"EntryPoint\",\"urlTemplate\":\"https:\\\/\\\/aerovehicles.net\\\/?s={search_term_string}\"},\"query-input\":{\"@type\":\"PropertyValueSpecification\",\"valueRequired\":true,\"valueName\":\"search_term_string\"}}],\"inLanguage\":\"es\"},{\"@type\":\"Organization\",\"@id\":\"https:\\\/\\\/aerovehicles.net\\\/#organization\",\"name\":\"Aerovehicles\",\"url\":\"https:\\\/\\\/aerovehicles.net\\\/\",\"logo\":{\"@type\":\"ImageObject\",\"inLanguage\":\"es\",\"@id\":\"https:\\\/\\\/aerovehicles.net\\\/#\\\/schema\\\/logo\\\/image\\\/\",\"url\":\"https:\\\/\\\/aerovehicles.net\\\/wp-content\\\/uploads\\\/2024\\\/10\\\/cropped-cropped-AVI-Logo-2020-v2-logo-wp-1.png\",\"contentUrl\":\"https:\\\/\\\/aerovehicles.net\\\/wp-content\\\/uploads\\\/2024\\\/10\\\/cropped-cropped-AVI-Logo-2020-v2-logo-wp-1.png\",\"width\":312,\"height\":200,\"caption\":\"Aerovehicles\"},\"image\":{\"@id\":\"https:\\\/\\\/aerovehicles.net\\\/#\\\/schema\\\/logo\\\/image\\\/\"},\"sameAs\":[\"https:\\\/\\\/www.facebook.com\\\/aerovehicles\",\"https:\\\/\\\/x.com\\\/AeroVehicles\",\"https:\\\/\\\/www.linkedin.com\\\/company\\\/aerovehicles-inc-\",\"https:\\\/\\\/instagram.com\\\/aerovehicles\"]}]}<\/script>\n<!-- \/ Yoast SEO plugin. -->","yoast_head_json":{"title":"Business Development and Government Relations - Aerovehicles","description":"Aerovehicles leads aerospace business development and government relations, fostering strategic commercial and defense partnerships, market expansion and institutional engagement across global aviation and aerospace sectors.","robots":{"index":"index","follow":"follow","max-snippet":"max-snippet:-1","max-image-preview":"max-image-preview:large","max-video-preview":"max-video-preview:-1"},"canonical":"https:\/\/aerovehicles.net\/es\/business-developement-and-government-relations\/","og_locale":"es_ES","og_type":"article","og_title":"Business Development and Government Relations - Aerovehicles","og_description":"Aerovehicles leads aerospace business development and government relations, fostering strategic commercial and defense partnerships, market expansion and institutional engagement across global aviation and aerospace sectors.","og_url":"https:\/\/aerovehicles.net\/es\/business-developement-and-government-relations\/","og_site_name":"Aerovehicles","article_publisher":"https:\/\/www.facebook.com\/aerovehicles","article_modified_time":"2026-02-28T18:57:21+00:00","og_image":[{"width":2560,"height":1920,"url":"https:\/\/aerovehicles.net\/wp-content\/uploads\/2026\/02\/IMG_2834-scaled.jpeg","type":"image\/jpeg"}],"twitter_card":"summary_large_image","twitter_site":"@AeroVehicles","twitter_misc":{"Tiempo de lectura":"1 minuto"},"schema":{"@context":"https:\/\/schema.org","@graph":[{"@type":"WebPage","@id":"https:\/\/aerovehicles.net\/business-developement-and-government-relations\/","url":"https:\/\/aerovehicles.net\/business-developement-and-government-relations\/","name":"Business Development and Government Relations - Aerovehicles","isPartOf":{"@id":"https:\/\/aerovehicles.net\/#website"},"primaryImageOfPage":{"@id":"https:\/\/aerovehicles.net\/business-developement-and-government-relations\/#primaryimage"},"image":{"@id":"https:\/\/aerovehicles.net\/business-developement-and-government-relations\/#primaryimage"},"thumbnailUrl":"https:\/\/aerovehicles.net\/wp-content\/uploads\/2026\/02\/IMG_2834-scaled.jpeg","datePublished":"2024-10-15T01:18:22+00:00","dateModified":"2026-02-28T18:57:21+00:00","description":"Aerovehicles leads aerospace business development and government relations, fostering strategic commercial and defense partnerships, market expansion and institutional engagement across global aviation and aerospace sectors.","breadcrumb":{"@id":"https:\/\/aerovehicles.net\/business-developement-and-government-relations\/#breadcrumb"},"inLanguage":"es","potentialAction":[{"@type":"ReadAction","target":["https:\/\/aerovehicles.net\/business-developement-and-government-relations\/"]}]},{"@type":"ImageObject","inLanguage":"es","@id":"https:\/\/aerovehicles.net\/business-developement-and-government-relations\/#primaryimage","url":"https:\/\/aerovehicles.net\/wp-content\/uploads\/2026\/02\/IMG_2834-scaled.jpeg","contentUrl":"https:\/\/aerovehicles.net\/wp-content\/uploads\/2026\/02\/IMG_2834-scaled.jpeg","width":2560,"height":1920,"caption":"Mobius OPV"},{"@type":"BreadcrumbList","@id":"https:\/\/aerovehicles.net\/business-developement-and-government-relations\/#breadcrumb","itemListElement":[{"@type":"ListItem","position":1,"name":"Home","item":"https:\/\/aerovehicles.net\/"},{"@type":"ListItem","position":2,"name":"Business Development and Government Relations"}]},{"@type":"WebSite","@id":"https:\/\/aerovehicles.net\/#website","url":"https:\/\/aerovehicles.net\/","name":"Aerovehicles","description":"Airborne Solutions","publisher":{"@id":"https:\/\/aerovehicles.net\/#organization"},"potentialAction":[{"@type":"SearchAction","target":{"@type":"EntryPoint","urlTemplate":"https:\/\/aerovehicles.net\/?s={search_term_string}"},"query-input":{"@type":"PropertyValueSpecification","valueRequired":true,"valueName":"search_term_string"}}],"inLanguage":"es"},{"@type":"Organization","@id":"https:\/\/aerovehicles.net\/#organization","name":"Aerovehicles","url":"https:\/\/aerovehicles.net\/","logo":{"@type":"ImageObject","inLanguage":"es","@id":"https:\/\/aerovehicles.net\/#\/schema\/logo\/image\/","url":"https:\/\/aerovehicles.net\/wp-content\/uploads\/2024\/10\/cropped-cropped-AVI-Logo-2020-v2-logo-wp-1.png","contentUrl":"https:\/\/aerovehicles.net\/wp-content\/uploads\/2024\/10\/cropped-cropped-AVI-Logo-2020-v2-logo-wp-1.png","width":312,"height":200,"caption":"Aerovehicles"},"image":{"@id":"https:\/\/aerovehicles.net\/#\/schema\/logo\/image\/"},"sameAs":["https:\/\/www.facebook.com\/aerovehicles","https:\/\/x.com\/AeroVehicles","https:\/\/www.linkedin.com\/company\/aerovehicles-inc-","https:\/\/instagram.com\/aerovehicles"]}]}},"_links":{"self":[{"href":"https:\/\/aerovehicles.net\/es\/wp-json\/wp\/v2\/pages\/259","targetHints":{"allow":["GET"]}}],"collection":[{"href":"https:\/\/aerovehicles.net\/es\/wp-json\/wp\/v2\/pages"}],"about":[{"href":"https:\/\/aerovehicles.net\/es\/wp-json\/wp\/v2\/types\/page"}],"author":[{"embeddable":true,"href":"https:\/\/aerovehicles.net\/es\/wp-json\/wp\/v2\/users\/1"}],"replies":[{"embeddable":true,"href":"https:\/\/aerovehicles.net\/es\/wp-json\/wp\/v2\/comments?post=259"}],"version-history":[{"count":6,"href":"https:\/\/aerovehicles.net\/es\/wp-json\/wp\/v2\/pages\/259\/revisions"}],"predecessor-version":[{"id":1562,"href":"https:\/\/aerovehicles.net\/es\/wp-json\/wp\/v2\/pages\/259\/revisions\/1562"}],"wp:featuredmedia":[{"embeddable":true,"href":"https:\/\/aerovehicles.net\/es\/wp-json\/wp\/v2\/media\/1471"}],"wp:attachment":[{"href":"https:\/\/aerovehicles.net\/es\/wp-json\/wp\/v2\/media?parent=259"}],"curies":[{"name":"wp","href":"https:\/\/api.w.org\/{rel}","templated":true}]}}