{"id":250,"date":"2024-10-15T01:15:11","date_gmt":"2024-10-15T01:15:11","guid":{"rendered":"https:\/\/aerovehicles.net\/?page_id=250"},"modified":"2026-03-15T11:29:59","modified_gmt":"2026-03-15T14:29:59","slug":"berkut-zero","status":"publish","type":"page","link":"https:\/\/aerovehicles.net\/es\/berkut-zero\/","title":{"rendered":"Berkut Zero"},"content":{"rendered":"<h3 class=\"wp-block-heading has-x-large-font-size\">Berkut ZERO: Liderando el camino en la aviaci\u00f3n impulsada por hidr\u00f3geno<\/h3>\n\n\n\n<p class=\"has-medium-font-size\">Aerovehicles presenta el <strong>Berkut ZERO<\/strong>, un UAV revolucionario <strong>impulsado por hidr\u00f3geno<\/strong> dise\u00f1ado para <strong>vuelo sustentable<\/strong>. Al integrar avanzados <strong>sistemas de hidr\u00f3geno<\/strong> y <strong>soluciones innovadoras de almacenamiento<\/strong>, el Berkut ZERO mejora <strong>capacidad de carga \u00fatil<\/strong> y <strong>alcance de vuelo<\/strong>, estableciendo nuevos est\u00e1ndares para <strong>aviaci\u00f3n ecol\u00f3gica<\/strong>.<\/p>\n\n\n\n<div class=\"wp-block-nk-awb nk-awb alignfull nk-awb-fullheight nk-awb-content-valign-center\"><div class=\"nk-awb-wrap\" data-awb-type=\"image\" data-awb-parallax=\"scroll-opacity\" data-awb-parallax-speed=\"0.5\" data-awb-parallax-mobile=\"true\" data-awb-image-background-size=\"cover\" data-awb-image-background-position=\"62% 56%\"><div class=\"nk-awb-inner\"><img decoding=\"async\" data-src=\"https:\/\/aerovehicles.net\/wp-content\/uploads\/2026\/02\/sunset.png\" class=\"wp-image-1604 jarallax-img lazyload\" width=\"1536\" height=\"1024\" data-srcset=\"https:\/\/aerovehicles.net\/wp-content\/uploads\/2026\/02\/sunset.png 1536w, https:\/\/aerovehicles.net\/wp-content\/uploads\/2026\/02\/sunset-300x200.png 300w, https:\/\/aerovehicles.net\/wp-content\/uploads\/2026\/02\/sunset-1024x683.png 1024w, https:\/\/aerovehicles.net\/wp-content\/uploads\/2026\/02\/sunset-768x512.png 768w, https:\/\/aerovehicles.net\/wp-content\/uploads\/2026\/02\/sunset-18x12.png 18w, https:\/\/aerovehicles.net\/wp-content\/uploads\/2026\/02\/sunset-570x380.png 570w, https:\/\/aerovehicles.net\/wp-content\/uploads\/2026\/02\/sunset-380x254.png 380w, https:\/\/aerovehicles.net\/wp-content\/uploads\/2026\/02\/sunset-285x190.png 285w, https:\/\/aerovehicles.net\/wp-content\/uploads\/2026\/02\/sunset-500x333.png 500w, https:\/\/aerovehicles.net\/wp-content\/uploads\/2026\/02\/sunset-800x533.png 800w, https:\/\/aerovehicles.net\/wp-content\/uploads\/2026\/02\/sunset-1280x853.png 1280w\" data-sizes=\"(max-width: 1536px) 100vw, 1536px\" src=\"data:image\/svg+xml;base64,PHN2ZyB3aWR0aD0iMSIgaGVpZ2h0PSIxIiB4bWxucz0iaHR0cDovL3d3dy53My5vcmcvMjAwMC9zdmciPjwvc3ZnPg==\" style=\"--smush-placeholder-width: 1536px; --smush-placeholder-aspect-ratio: 1536\/1024;\" \/><\/div><\/div><div class=\"nk-awb-wrap-content is-layout-constrained wp-block-nk-awb-is-layout-constrained\">\n\n<p class=\"has-white-color has-text-color has-link-color has-large-font-size wp-elements-d24be5ea9a2ea16bc544f5b99ce0c791\"><strong>Puro Hidr\u00f3geno <\/strong><\/p>\n\n\n<p class=\"has-white-color has-text-color has-link-color has-large-font-size wp-elements-dda35bb09eb557bde4eb3d24bbb8fd0c\"><strong>Puro Vuelo.<\/strong><\/p>\n\n\n<p class=\"has-white-color has-text-color has-link-color has-large-font-size wp-elements-38d4b8d730ebaa79cbf636424e272b34\"><\/p>\n\n\n<p class=\"has-white-color has-text-color has-link-color has-large-font-size wp-elements-38d4b8d730ebaa79cbf636424e272b34\"><\/p>\n\n<\/div><\/div>\n\n\n\n<p><\/p>\n\n\n\n<h2 class=\"wp-block-heading has-large-font-size\">Soluciones innovadoras de almacenamiento de hidr\u00f3geno para el Mobius OPV<\/h2>\n\n\n\n<p class=\"has-medium-font-size\">El Berkut ZERO incorpora tecnolog\u00eda de vanguardia <strong>almacenamiento de hidr\u00f3geno<\/strong> tecnolog\u00eda que es m\u00e1s liviana y resistente que los tanques tradicionales, permitiendo vuelos m\u00e1s largos con cargas m\u00e1s pesadas. Estos avances no solo mejoran el rendimiento, sino que tambi\u00e9n hacen que el UAV sea m\u00e1s <strong>eficiente<\/strong> y <strong>sustentable<\/strong>.<\/p>\n\n\n\n\t\t<div class=\"wpsm_service_b_row\" id=\"wpsm_service_b_row_814\">\r\n\t\t\t    <div class=\"wpsm_row\">\r\n        <style>\r\n\t\t\t.wpsm_row{\r\n\t\t\t\toverflow:hidden;\r\n\t\t\t\tdisplay:block;\r\n\t\t\t\twidth:100%;\r\n\t\t\t}\r\n\t\t\t.wpsm_service_b_row{ \r\n\t\t\t\toverflow:hidden;\r\n\t\t\t\tdisplay:block;\r\n\t\t\t\twidth:100%;\r\n\t\t\t\tborder:0px solid #ddd;\r\n\t\t\t\tmargin-bottom:20px;\r\n\t\t\t}\r\n\t\t\t\t\r\n\t\t #wpsm_service_b_row_814 .wpsm_serviceBox{\r\n\t\t\tpadding: 20px 10px 20px 10px;\r\n\t\t\ttext-align: center;\r\n\t\t\ttransition: all 0.3s ease 0s;\r\n\t\t    background:#e5e5e5;\r\n\t\t\tmargin-bottom:30px;\r\n\t\t}\r\n\t\t \r\n\t\t #wpsm_service_b_row_814 .wpsm_serviceBox .wpsm_service-icon i{\r\n\t\t\tfont-size: 60px;\r\n\t\t\t color: #636363 !important;\r\n\t\t}\r\n\t\t #wpsm_service_b_row_814 .wpsm_serviceBox .wpsm_service-content h3{\r\n\t\t   color: #000000 !important;\r\n\t\t\tfont-size: 22px !important;\r\n\t\t\tfont-weight: 600;\r\n\t\t\t\t\t\tfont-family:'Open Sans' !important;\r\n\t\t\t\t\t   clear:inherit !important;\r\n\t\t\tline-height:1.4 !important;\r\n\t\t\tmargin-top:10px !important;\r\n\t\t\tmargin-bottom:0px !important;\r\n\t\t}\r\n\t\t #wpsm_service_b_row_814 .wpsm_serviceBox .wpsm_service-content p{\r\n\t\t   color:#7f7f7f !important;\r\n\t\t\tfont-size: 19px !important;\r\n\t\t\tline-height:1.4 !important;\r\n\t\t\t\t\t\tfont-family:'Open Sans' !important;\r\n\t\t\t\t\t\tmargin-top:10px !important;\r\n\t\t\tmargin-bottom:0px !important;\r\n\t\t\t\r\n\t\t\t\r\n\t\t}\r\n\t\t #wpsm_service_b_row_814 .wpsm_serviceBox .wpsm_read_more{\r\n\t\t   margin-top:15px;\r\n\t\t   color: #4c4c4c !important;\r\n\t\t\tfont-size: 16px !important;\r\n\t\t   background:#ffffff;\r\n\t\t\tborder: 2px solid #ffffff;\r\n\t\t\ttext-decoration: none;\r\n\t\t\tdisplay: inline-block;\r\n\t\t\tpadding: 7px 10px;\r\n\t\t   border-radius: 0;\r\n\t\t\tfont-weight: normal;\r\n\t\t\t\t\t\tfont-family:'Open Sans' !important;\r\n\t\t\t\t\t}\r\n\t\t\r\n\r\n\t\t\t\t\r\n\t\t<\/style>\r\n\t\t\t\t\t\t\t<div class=\"wpsm_col-md-6 wpsm_col-sm-6\">\r\n\t\t\t\t\t\t<div class=\"wpsm_serviceBox\">\r\n\t\t\t\t\t\t\t\t\t\t\t\t\t\t\t<div class=\"wpsm_service-icon\">\r\n\t\t\t\t\t\t\t\t\t<i class=\"fa fa-bar-chart\"><\/i>\r\n\t\t\t\t\t\t\t\t<\/div>\r\n\t\t\t\t\t\t\t\t\t\t\t\t\t\t<div class=\"wpsm_service-content\">\r\n\t\t\t\t\t\t\t\t<h3>Eficiencia de combustible<\/h3>\r\n\t\t\t\t\t\t\t\t<p>\r\n\t\t\t\t\t\t\t\t\tAlcanzar tiempos de vuelo m\u00e1s prolongados con tanques de almacenamiento de hidr\u00f3geno, lo que conduce a una mayor eficiencia de combustible y a un alcance extendido.\t\t\t\t\t\t\t\t<\/p>\r\n\t\t\t\t\t\t\t<\/div>\r\n\t\t\t\t\t\t\t\t\t\t\t\t\t\t\t\t\t\t\t\t\t<\/div>\r\n\t\t\t\t\t<\/div>\r\n\t\t\t\t\t\t\t\t\t<div class=\"wpsm_col-md-6 wpsm_col-sm-6\">\r\n\t\t\t\t\t\t<div class=\"wpsm_serviceBox\">\r\n\t\t\t\t\t\t\t\t\t\t\t\t\t\t\t<div class=\"wpsm_service-icon\">\r\n\t\t\t\t\t\t\t\t\t<i class=\"fa fa-dollar\"><\/i>\r\n\t\t\t\t\t\t\t\t<\/div>\r\n\t\t\t\t\t\t\t\t\t\t\t\t\t\t<div class=\"wpsm_service-content\">\r\n\t\t\t\t\t\t\t\t<h3>Rentable<\/h3>\r\n\t\t\t\t\t\t\t\t<p>\r\n\t\t\t\t\t\t\t\t\tLas celdas de combustible de hidr\u00f3geno reducen los costos de operaci\u00f3n y aumentan el rendimiento del Berkut Zero.\t\t\t\t\t\t\t\t<\/p>\r\n\t\t\t\t\t\t\t<\/div>\r\n\t\t\t\t\t\t\t\t\t\t\t\t\t\t\t\t\t\t\t\t\t<\/div>\r\n\t\t\t\t\t<\/div>\r\n\t\t\t\t\t\t\t\t\t<\/div>\r\n\t\t\t\t\t<div class=\"wpsm_row\">\r\n\t\t\t\t\t\t\t\t\t\t<div class=\"wpsm_col-md-6 wpsm_col-sm-6\">\r\n\t\t\t\t\t\t<div class=\"wpsm_serviceBox\">\r\n\t\t\t\t\t\t\t\t\t\t\t\t\t\t\t<div class=\"wpsm_service-icon\">\r\n\t\t\t\t\t\t\t\t\t<i class=\"fa fa-exclamation-circle\"><\/i>\r\n\t\t\t\t\t\t\t\t<\/div>\r\n\t\t\t\t\t\t\t\t\t\t\t\t\t\t<div class=\"wpsm_service-content\">\r\n\t\t\t\t\t\t\t\t<h3>Seguridad mejorada<\/h3>\r\n\t\t\t\t\t\t\t\t<p>\r\n\t\t\t\t\t\t\t\t\tEl proceso de fabricaci\u00f3n de las celdas de combustible de hidr\u00f3geno ofrece mayor seguridad que las celdas de combustible est\u00e1ndar.\t\t\t\t\t\t\t\t<\/p>\r\n\t\t\t\t\t\t\t<\/div>\r\n\t\t\t\t\t\t\t\t\t\t\t\t\t\t\t\t\t\t\t\t\t<\/div>\r\n\t\t\t\t\t<\/div>\r\n\t\t\t\t\t\t\t\t\t<div class=\"wpsm_col-md-6 wpsm_col-sm-6\">\r\n\t\t\t\t\t\t<div class=\"wpsm_serviceBox\">\r\n\t\t\t\t\t\t\t\t\t\t\t\t\t\t\t<div class=\"wpsm_service-icon\">\r\n\t\t\t\t\t\t\t\t\t<i class=\"fa fa-leaf\"><\/i>\r\n\t\t\t\t\t\t\t\t<\/div>\r\n\t\t\t\t\t\t\t\t\t\t\t\t\t\t<div class=\"wpsm_service-content\">\r\n\t\t\t\t\t\t\t\t<h3>Soluci\u00f3n sostenible<\/h3>\r\n\t\t\t\t\t\t\t\t<p>\r\n\t\t\t\t\t\t\t\t\tUna fuente de energ\u00eda limpia que produce cero emisiones.\t\t\t\t\t\t\t\t<\/p>\r\n\t\t\t\t\t\t\t<\/div>\r\n\t\t\t\t\t\t\t\t\t\t\t\t\t\t\t\t\t\t\t\t\t<\/div>\r\n\t\t\t\t\t<\/div>\r\n\t\t\t\t\t\t\t\t\t<\/div>\r\n\t\t\t\t\t<div class=\"wpsm_row\">\r\n\t\t\t\t\t    \t\t\r\n    <\/div>\r\n    \t\t<\/div>\r\n\t\t\r\n\t\n\n\n\n<div class=\"wp-block-nk-awb nk-awb nk-awb-fullheight nk-awb-content-valign-center alignfull\"><div class=\"nk-awb-wrap\" data-awb-type=\"image\" data-awb-parallax=\"scroll-opacity\" data-awb-parallax-speed=\"0.5\" data-awb-parallax-mobile=\"true\" data-awb-image-background-size=\"cover\" data-awb-image-background-position=\"50% 50%\"><div class=\"nk-awb-inner\"><img decoding=\"async\" data-src=\"https:\/\/aerovehicles.net\/wp-content\/uploads\/2026\/02\/WhatsApp-Image-2024-05-22-at-5.49.23-PM-scaled.jpeg\" class=\"wp-image-1420 jarallax-img lazyload\" width=\"2560\" height=\"1920\" data-srcset=\"https:\/\/aerovehicles.net\/wp-content\/uploads\/2026\/02\/WhatsApp-Image-2024-05-22-at-5.49.23-PM-scaled.jpeg 2560w, https:\/\/aerovehicles.net\/wp-content\/uploads\/2026\/02\/WhatsApp-Image-2024-05-22-at-5.49.23-PM-300x225.jpeg 300w, https:\/\/aerovehicles.net\/wp-content\/uploads\/2026\/02\/WhatsApp-Image-2024-05-22-at-5.49.23-PM-1024x768.jpeg 1024w, https:\/\/aerovehicles.net\/wp-content\/uploads\/2026\/02\/WhatsApp-Image-2024-05-22-at-5.49.23-PM-768x576.jpeg 768w, https:\/\/aerovehicles.net\/wp-content\/uploads\/2026\/02\/WhatsApp-Image-2024-05-22-at-5.49.23-PM-1536x1152.jpeg 1536w, https:\/\/aerovehicles.net\/wp-content\/uploads\/2026\/02\/WhatsApp-Image-2024-05-22-at-5.49.23-PM-2048x1536.jpeg 2048w, https:\/\/aerovehicles.net\/wp-content\/uploads\/2026\/02\/WhatsApp-Image-2024-05-22-at-5.49.23-PM-16x12.jpeg 16w, https:\/\/aerovehicles.net\/wp-content\/uploads\/2026\/02\/WhatsApp-Image-2024-05-22-at-5.49.23-PM-500x375.jpeg 500w, https:\/\/aerovehicles.net\/wp-content\/uploads\/2026\/02\/WhatsApp-Image-2024-05-22-at-5.49.23-PM-800x600.jpeg 800w, https:\/\/aerovehicles.net\/wp-content\/uploads\/2026\/02\/WhatsApp-Image-2024-05-22-at-5.49.23-PM-1280x960.jpeg 1280w, https:\/\/aerovehicles.net\/wp-content\/uploads\/2026\/02\/WhatsApp-Image-2024-05-22-at-5.49.23-PM-1920x1440.jpeg 1920w\" data-sizes=\"(max-width: 2560px) 100vw, 2560px\" src=\"data:image\/svg+xml;base64,PHN2ZyB3aWR0aD0iMSIgaGVpZ2h0PSIxIiB4bWxucz0iaHR0cDovL3d3dy53My5vcmcvMjAwMC9zdmciPjwvc3ZnPg==\" style=\"--smush-placeholder-width: 2560px; --smush-placeholder-aspect-ratio: 2560\/1920;\" \/><\/div><\/div><div class=\"nk-awb-wrap-content is-layout-constrained wp-block-nk-awb-is-layout-constrained\">\n<p><\/p>\n\n\n\n<p><\/p>\n\n\n\n<p><\/p>\n\n\n\n<h2 class=\"wp-block-heading has-white-color has-text-color has-link-color has-large-font-size wp-elements-44372e79787d0ddd8d9dc31582ae147e\"><strong>Seguridad y Sustentabilidad<\/strong><\/h2>\n\n\n\n<p class=\"has-white-color has-text-color has-link-color wp-elements-e0c26547a7cddc390b71910aaf60a109\" style=\"font-size:25px\">Equipado con avanzados <strong>tanques de combustible de hidr\u00f3geno<\/strong>, el Berkut ZERO prioriza la seguridad con <strong>sistemas de presi\u00f3n aut\u00f3nomos<\/strong> que minimizan el riesgo. Esto, combinado con su <strong>tecnolog\u00eda de combustible ecol\u00f3gico<\/strong>, posiciona al Berkut ZERO como l\u00edder <strong>en la aviaci\u00f3n verde<\/strong> y <strong>y en la reducci\u00f3n de emisiones de carbono.<\/strong>.<\/p>\n\n\n\n<p><\/p>\n\n\n\n<p><\/p>\n\n\n\n<p><\/p>\n\n\n\n<p><\/p>\n\n\n\n<p><\/p>\n\n\n\n<p><\/p>\n\n\n\n<p><\/p>\n<\/div><\/div>\n\n\n\n<p><\/p>\n\n\n\n<h2 class=\"wp-block-heading has-large-font-size\"><strong>Forjando un futuro m\u00e1s verde<\/strong><\/h2>\n\n\n\n<p class=\"has-medium-font-size\">El Berkut ZERO representa un paso decisivo hacia <strong>una aviaci\u00f3n sostenible<\/strong>, ofreciendo capacidades de alto rendimiento mientras promueve <strong>la responsabilidad ambiental<\/strong>. Es un cambio radical para <strong>los UAV de largo alcance impulsados por hidr\u00f3geno<\/strong>, liderando la industria hacia un futuro m\u00e1s limpio y sostenible.<\/p>\n\n\n\n<hr class=\"wp-block-separator has-alpha-channel-opacity\"\/>\n\n\n\n<p class=\"has-medium-font-size\"><\/p>\n\n\n\n<div class=\"wp-block-buttons is-layout-flex wp-block-buttons-is-layout-flex\">\n<div class=\"wp-block-button\"><a class=\"wp-block-button__link wp-element-button\" href=\"https:\/\/aerovehicles.net\/contact-us\/\">Cont\u00e1ctenos<\/a><\/div>\n<\/div>","protected":false},"excerpt":{"rendered":"<p>Berkut ZERO: Leading the Way in Hydrogen-Powered aviation Aerovehicles introduces the Berkut ZERO, a revolutionary hydrogen-powered UAV designed for sustainable flight. By integrating advanced hydrogen systems and innovative storage solutions, the Berkut ZERO enhances payload capacity and flight range, setting new standards for eco-friendly aviation. Innovative Hydrogen Storage Solutions for the Berkut UAV The Berkut<span class=\"post-excerpt-end\">&hellip;<\/span><\/p>\n<p class=\"more-link\"><a href=\"https:\/\/aerovehicles.net\/es\/?p=814\" class=\"themebutton\">Leer m\u00e1s<\/a><\/p>","protected":false},"author":1,"featured_media":1601,"parent":0,"menu_order":0,"comment_status":"closed","ping_status":"closed","template":"","meta":{"footnotes":""},"class_list":["post-250","page","type-page","status-publish","has-post-thumbnail","hentry"],"yoast_head":"<!-- This site is optimized with the Yoast SEO plugin v27.3 - https:\/\/yoast.com\/product\/yoast-seo-wordpress\/ -->\n<title>Berkut Zero - Aerovehicles<\/title>\n<meta name=\"description\" content=\"Berkut Zero is a hydrogen-powered UAV by Aerovehicles featuring advanced hydrogen storage and fuel-cell systems for extended flight range, higher payload capacity, enhanced safety and zero emissions, setting new standards in sustainable aviation.\" \/>\n<meta name=\"robots\" content=\"index, follow, max-snippet:-1, max-image-preview:large, max-video-preview:-1\" \/>\n<link rel=\"canonical\" href=\"https:\/\/aerovehicles.net\/es\/berkut-zero\/\" \/>\n<meta property=\"og:locale\" content=\"es_ES\" \/>\n<meta property=\"og:type\" content=\"article\" \/>\n<meta property=\"og:title\" content=\"Berkut Zero - Aerovehicles\" \/>\n<meta property=\"og:description\" content=\"Berkut Zero is a hydrogen-powered UAV by Aerovehicles featuring advanced hydrogen storage and fuel-cell systems for extended flight range, higher payload capacity, enhanced safety and zero emissions, setting new standards in sustainable aviation.\" \/>\n<meta property=\"og:url\" content=\"https:\/\/aerovehicles.net\/es\/berkut-zero\/\" \/>\n<meta property=\"og:site_name\" content=\"Aerovehicles\" \/>\n<meta property=\"article:publisher\" content=\"https:\/\/www.facebook.com\/aerovehicles\" \/>\n<meta property=\"article:modified_time\" content=\"2026-03-15T14:29:59+00:00\" \/>\n<meta property=\"og:image\" content=\"https:\/\/aerovehicles.net\/wp-content\/uploads\/2026\/02\/Zero-1024x683.png\" \/>\n\t<meta property=\"og:image:width\" content=\"1024\" \/>\n\t<meta property=\"og:image:height\" content=\"683\" \/>\n\t<meta property=\"og:image:type\" content=\"image\/png\" \/>\n<meta name=\"twitter:card\" content=\"summary_large_image\" \/>\n<meta name=\"twitter:site\" content=\"@AeroVehicles\" \/>\n<meta name=\"twitter:label1\" content=\"Tiempo de lectura\" \/>\n\t<meta name=\"twitter:data1\" content=\"2 minutos\" \/>\n<script type=\"application\/ld+json\" class=\"yoast-schema-graph\">{\"@context\":\"https:\\\/\\\/schema.org\",\"@graph\":[{\"@type\":\"WebPage\",\"@id\":\"https:\\\/\\\/aerovehicles.net\\\/berkut-zero\\\/\",\"url\":\"https:\\\/\\\/aerovehicles.net\\\/berkut-zero\\\/\",\"name\":\"Berkut Zero - Aerovehicles\",\"isPartOf\":{\"@id\":\"https:\\\/\\\/aerovehicles.net\\\/#website\"},\"primaryImageOfPage\":{\"@id\":\"https:\\\/\\\/aerovehicles.net\\\/berkut-zero\\\/#primaryimage\"},\"image\":{\"@id\":\"https:\\\/\\\/aerovehicles.net\\\/berkut-zero\\\/#primaryimage\"},\"thumbnailUrl\":\"https:\\\/\\\/aerovehicles.net\\\/wp-content\\\/uploads\\\/2026\\\/02\\\/Zero.png\",\"datePublished\":\"2024-10-15T01:15:11+00:00\",\"dateModified\":\"2026-03-15T14:29:59+00:00\",\"description\":\"Berkut Zero is a hydrogen-powered UAV by Aerovehicles featuring advanced hydrogen storage and fuel-cell systems for extended flight range, higher payload capacity, enhanced safety and zero emissions, setting new standards in sustainable aviation.\",\"breadcrumb\":{\"@id\":\"https:\\\/\\\/aerovehicles.net\\\/berkut-zero\\\/#breadcrumb\"},\"inLanguage\":\"es\",\"potentialAction\":[{\"@type\":\"ReadAction\",\"target\":[\"https:\\\/\\\/aerovehicles.net\\\/berkut-zero\\\/\"]}]},{\"@type\":\"ImageObject\",\"inLanguage\":\"es\",\"@id\":\"https:\\\/\\\/aerovehicles.net\\\/berkut-zero\\\/#primaryimage\",\"url\":\"https:\\\/\\\/aerovehicles.net\\\/wp-content\\\/uploads\\\/2026\\\/02\\\/Zero.png\",\"contentUrl\":\"https:\\\/\\\/aerovehicles.net\\\/wp-content\\\/uploads\\\/2026\\\/02\\\/Zero.png\",\"width\":1536,\"height\":1024},{\"@type\":\"BreadcrumbList\",\"@id\":\"https:\\\/\\\/aerovehicles.net\\\/berkut-zero\\\/#breadcrumb\",\"itemListElement\":[{\"@type\":\"ListItem\",\"position\":1,\"name\":\"Home\",\"item\":\"https:\\\/\\\/aerovehicles.net\\\/\"},{\"@type\":\"ListItem\",\"position\":2,\"name\":\"Berkut Zero\"}]},{\"@type\":\"WebSite\",\"@id\":\"https:\\\/\\\/aerovehicles.net\\\/#website\",\"url\":\"https:\\\/\\\/aerovehicles.net\\\/\",\"name\":\"Aerovehicles\",\"description\":\"Airborne Solutions\",\"publisher\":{\"@id\":\"https:\\\/\\\/aerovehicles.net\\\/#organization\"},\"potentialAction\":[{\"@type\":\"SearchAction\",\"target\":{\"@type\":\"EntryPoint\",\"urlTemplate\":\"https:\\\/\\\/aerovehicles.net\\\/?s={search_term_string}\"},\"query-input\":{\"@type\":\"PropertyValueSpecification\",\"valueRequired\":true,\"valueName\":\"search_term_string\"}}],\"inLanguage\":\"es\"},{\"@type\":\"Organization\",\"@id\":\"https:\\\/\\\/aerovehicles.net\\\/#organization\",\"name\":\"Aerovehicles\",\"url\":\"https:\\\/\\\/aerovehicles.net\\\/\",\"logo\":{\"@type\":\"ImageObject\",\"inLanguage\":\"es\",\"@id\":\"https:\\\/\\\/aerovehicles.net\\\/#\\\/schema\\\/logo\\\/image\\\/\",\"url\":\"https:\\\/\\\/aerovehicles.net\\\/wp-content\\\/uploads\\\/2024\\\/10\\\/cropped-cropped-AVI-Logo-2020-v2-logo-wp-1.png\",\"contentUrl\":\"https:\\\/\\\/aerovehicles.net\\\/wp-content\\\/uploads\\\/2024\\\/10\\\/cropped-cropped-AVI-Logo-2020-v2-logo-wp-1.png\",\"width\":312,\"height\":200,\"caption\":\"Aerovehicles\"},\"image\":{\"@id\":\"https:\\\/\\\/aerovehicles.net\\\/#\\\/schema\\\/logo\\\/image\\\/\"},\"sameAs\":[\"https:\\\/\\\/www.facebook.com\\\/aerovehicles\",\"https:\\\/\\\/x.com\\\/AeroVehicles\",\"https:\\\/\\\/www.linkedin.com\\\/company\\\/aerovehicles-inc-\",\"https:\\\/\\\/instagram.com\\\/aerovehicles\"]}]}<\/script>\n<!-- \/ Yoast SEO plugin. -->","yoast_head_json":{"title":"Berkut Zero - Aerovehicles","description":"Berkut Zero is a hydrogen-powered UAV by Aerovehicles featuring advanced hydrogen storage and fuel-cell systems for extended flight range, higher payload capacity, enhanced safety and zero emissions, setting new standards in sustainable aviation.","robots":{"index":"index","follow":"follow","max-snippet":"max-snippet:-1","max-image-preview":"max-image-preview:large","max-video-preview":"max-video-preview:-1"},"canonical":"https:\/\/aerovehicles.net\/es\/berkut-zero\/","og_locale":"es_ES","og_type":"article","og_title":"Berkut Zero - Aerovehicles","og_description":"Berkut Zero is a hydrogen-powered UAV by Aerovehicles featuring advanced hydrogen storage and fuel-cell systems for extended flight range, higher payload capacity, enhanced safety and zero emissions, setting new standards in sustainable aviation.","og_url":"https:\/\/aerovehicles.net\/es\/berkut-zero\/","og_site_name":"Aerovehicles","article_publisher":"https:\/\/www.facebook.com\/aerovehicles","article_modified_time":"2026-03-15T14:29:59+00:00","og_image":[{"width":1024,"height":683,"url":"https:\/\/aerovehicles.net\/wp-content\/uploads\/2026\/02\/Zero-1024x683.png","type":"image\/png"}],"twitter_card":"summary_large_image","twitter_site":"@AeroVehicles","twitter_misc":{"Tiempo de lectura":"2 minutos"},"schema":{"@context":"https:\/\/schema.org","@graph":[{"@type":"WebPage","@id":"https:\/\/aerovehicles.net\/berkut-zero\/","url":"https:\/\/aerovehicles.net\/berkut-zero\/","name":"Berkut Zero - Aerovehicles","isPartOf":{"@id":"https:\/\/aerovehicles.net\/#website"},"primaryImageOfPage":{"@id":"https:\/\/aerovehicles.net\/berkut-zero\/#primaryimage"},"image":{"@id":"https:\/\/aerovehicles.net\/berkut-zero\/#primaryimage"},"thumbnailUrl":"https:\/\/aerovehicles.net\/wp-content\/uploads\/2026\/02\/Zero.png","datePublished":"2024-10-15T01:15:11+00:00","dateModified":"2026-03-15T14:29:59+00:00","description":"Berkut Zero is a hydrogen-powered UAV by Aerovehicles featuring advanced hydrogen storage and fuel-cell systems for extended flight range, higher payload capacity, enhanced safety and zero emissions, setting new standards in sustainable aviation.","breadcrumb":{"@id":"https:\/\/aerovehicles.net\/berkut-zero\/#breadcrumb"},"inLanguage":"es","potentialAction":[{"@type":"ReadAction","target":["https:\/\/aerovehicles.net\/berkut-zero\/"]}]},{"@type":"ImageObject","inLanguage":"es","@id":"https:\/\/aerovehicles.net\/berkut-zero\/#primaryimage","url":"https:\/\/aerovehicles.net\/wp-content\/uploads\/2026\/02\/Zero.png","contentUrl":"https:\/\/aerovehicles.net\/wp-content\/uploads\/2026\/02\/Zero.png","width":1536,"height":1024},{"@type":"BreadcrumbList","@id":"https:\/\/aerovehicles.net\/berkut-zero\/#breadcrumb","itemListElement":[{"@type":"ListItem","position":1,"name":"Home","item":"https:\/\/aerovehicles.net\/"},{"@type":"ListItem","position":2,"name":"Berkut Zero"}]},{"@type":"WebSite","@id":"https:\/\/aerovehicles.net\/#website","url":"https:\/\/aerovehicles.net\/","name":"Aerovehicles","description":"Airborne Solutions","publisher":{"@id":"https:\/\/aerovehicles.net\/#organization"},"potentialAction":[{"@type":"SearchAction","target":{"@type":"EntryPoint","urlTemplate":"https:\/\/aerovehicles.net\/?s={search_term_string}"},"query-input":{"@type":"PropertyValueSpecification","valueRequired":true,"valueName":"search_term_string"}}],"inLanguage":"es"},{"@type":"Organization","@id":"https:\/\/aerovehicles.net\/#organization","name":"Aerovehicles","url":"https:\/\/aerovehicles.net\/","logo":{"@type":"ImageObject","inLanguage":"es","@id":"https:\/\/aerovehicles.net\/#\/schema\/logo\/image\/","url":"https:\/\/aerovehicles.net\/wp-content\/uploads\/2024\/10\/cropped-cropped-AVI-Logo-2020-v2-logo-wp-1.png","contentUrl":"https:\/\/aerovehicles.net\/wp-content\/uploads\/2024\/10\/cropped-cropped-AVI-Logo-2020-v2-logo-wp-1.png","width":312,"height":200,"caption":"Aerovehicles"},"image":{"@id":"https:\/\/aerovehicles.net\/#\/schema\/logo\/image\/"},"sameAs":["https:\/\/www.facebook.com\/aerovehicles","https:\/\/x.com\/AeroVehicles","https:\/\/www.linkedin.com\/company\/aerovehicles-inc-","https:\/\/instagram.com\/aerovehicles"]}]}},"_links":{"self":[{"href":"https:\/\/aerovehicles.net\/es\/wp-json\/wp\/v2\/pages\/250","targetHints":{"allow":["GET"]}}],"collection":[{"href":"https:\/\/aerovehicles.net\/es\/wp-json\/wp\/v2\/pages"}],"about":[{"href":"https:\/\/aerovehicles.net\/es\/wp-json\/wp\/v2\/types\/page"}],"author":[{"embeddable":true,"href":"https:\/\/aerovehicles.net\/es\/wp-json\/wp\/v2\/users\/1"}],"replies":[{"embeddable":true,"href":"https:\/\/aerovehicles.net\/es\/wp-json\/wp\/v2\/comments?post=250"}],"version-history":[{"count":32,"href":"https:\/\/aerovehicles.net\/es\/wp-json\/wp\/v2\/pages\/250\/revisions"}],"predecessor-version":[{"id":1778,"href":"https:\/\/aerovehicles.net\/es\/wp-json\/wp\/v2\/pages\/250\/revisions\/1778"}],"wp:featuredmedia":[{"embeddable":true,"href":"https:\/\/aerovehicles.net\/es\/wp-json\/wp\/v2\/media\/1601"}],"wp:attachment":[{"href":"https:\/\/aerovehicles.net\/es\/wp-json\/wp\/v2\/media?parent=250"}],"curies":[{"name":"wp","href":"https:\/\/api.w.org\/{rel}","templated":true}]}}