{"id":246,"date":"2024-10-15T01:14:36","date_gmt":"2024-10-15T01:14:36","guid":{"rendered":"https:\/\/aerovehicles.net\/?page_id=246"},"modified":"2026-03-18T18:31:11","modified_gmt":"2026-03-18T21:31:11","slug":"berkut-800","status":"publish","type":"page","link":"https:\/\/aerovehicles.net\/es\/berkut-800\/","title":{"rendered":"Berkut 800"},"content":{"rendered":"<h2 class=\"wp-block-heading has-large-font-size\">Berkut 800 \u2013 La Siguiente Evoluci\u00f3n en Aeronaves Militares y ISR<\/h2>\n\n\n\n<p class=\"has-medium-font-size\">El <strong>Berkut 800<\/strong> es una aeronave turboh\u00e9lice de dos asientos en t\u00e1ndem <strong>turboprop aircraft<\/strong> dise\u00f1ado para <strong>operaciones militares<\/strong>, incluyendo <strong>ataque ligero<\/strong>, <strong>contrainsurgencia<\/strong>, <strong>entrenamiento de pilotos<\/strong>, y <strong>misiones ISR<\/strong>. Dise\u00f1ado para la versatilidad, incorpora avi\u00f3nica moderna y sistemas personalizables, lo que lo hace adaptable a requisitos de misi\u00f3n espec\u00edficos. Con tecnolog\u00edas avanzadas, el Berkut 800 ofrece un rendimiento sobresaliente, durabilidad y eficiencia operativa, asegurando que se destaque en su clase.<\/p>\n\n\n\n<div class=\"wp-block-nk-awb nk-awb nk-awb-fullheight nk-awb-content-valign-center alignfull is-layout-constrained wp-block-nk-awb-is-layout-constrained\"><div class=\"nk-awb-wrap\" data-awb-type=\"image\" data-awb-parallax=\"scroll-opacity\" data-awb-parallax-speed=\"0.5\" data-awb-parallax-mobile=\"true\" data-awb-image-background-size=\"cover\" data-awb-image-background-position=\"50% 69%\"><div class=\"nk-awb-inner\"><img decoding=\"async\" data-src=\"https:\/\/aerovehicles.net\/wp-content\/uploads\/2026\/02\/Berkut-800-1.png\" class=\"wp-image-1577 jarallax-img lazyload\" width=\"1536\" height=\"1024\" data-srcset=\"https:\/\/aerovehicles.net\/wp-content\/uploads\/2026\/02\/Berkut-800-1.png 1536w, https:\/\/aerovehicles.net\/wp-content\/uploads\/2026\/02\/Berkut-800-1-300x200.png 300w, https:\/\/aerovehicles.net\/wp-content\/uploads\/2026\/02\/Berkut-800-1-1024x683.png 1024w, https:\/\/aerovehicles.net\/wp-content\/uploads\/2026\/02\/Berkut-800-1-768x512.png 768w, https:\/\/aerovehicles.net\/wp-content\/uploads\/2026\/02\/Berkut-800-1-18x12.png 18w, https:\/\/aerovehicles.net\/wp-content\/uploads\/2026\/02\/Berkut-800-1-570x380.png 570w, https:\/\/aerovehicles.net\/wp-content\/uploads\/2026\/02\/Berkut-800-1-380x254.png 380w, https:\/\/aerovehicles.net\/wp-content\/uploads\/2026\/02\/Berkut-800-1-285x190.png 285w, https:\/\/aerovehicles.net\/wp-content\/uploads\/2026\/02\/Berkut-800-1-500x333.png 500w, https:\/\/aerovehicles.net\/wp-content\/uploads\/2026\/02\/Berkut-800-1-800x533.png 800w, https:\/\/aerovehicles.net\/wp-content\/uploads\/2026\/02\/Berkut-800-1-1280x853.png 1280w\" data-sizes=\"(max-width: 1536px) 100vw, 1536px\" src=\"data:image\/svg+xml;base64,PHN2ZyB3aWR0aD0iMSIgaGVpZ2h0PSIxIiB4bWxucz0iaHR0cDovL3d3dy53My5vcmcvMjAwMC9zdmciPjwvc3ZnPg==\" style=\"--smush-placeholder-width: 1536px; --smush-placeholder-aspect-ratio: 1536\/1024;\" \/><\/div><\/div><div class=\"nk-awb-wrap-content\"><\/div><\/div>\n\n\n\n<div class=\"wp-block-nk-awb nk-awb nk-awb-fullheight nk-awb-content-valign-center alignfull\"><div class=\"nk-awb-wrap\" data-awb-type=\"image\" data-awb-parallax=\"scroll-opacity\" data-awb-parallax-speed=\"0.5\" data-awb-parallax-mobile=\"true\" data-awb-image-background-size=\"cover\" data-awb-image-background-position=\"56% 73%\"><div class=\"nk-awb-inner\"><img decoding=\"async\" data-src=\"https:\/\/aerovehicles.net\/wp-content\/uploads\/2026\/02\/Berkut-800-tactical.png\" class=\"wp-image-1661 jarallax-img lazyload\" width=\"1536\" height=\"1024\" data-srcset=\"https:\/\/aerovehicles.net\/wp-content\/uploads\/2026\/02\/Berkut-800-tactical.png 1536w, https:\/\/aerovehicles.net\/wp-content\/uploads\/2026\/02\/Berkut-800-tactical-300x200.png 300w, https:\/\/aerovehicles.net\/wp-content\/uploads\/2026\/02\/Berkut-800-tactical-1024x683.png 1024w, https:\/\/aerovehicles.net\/wp-content\/uploads\/2026\/02\/Berkut-800-tactical-768x512.png 768w, https:\/\/aerovehicles.net\/wp-content\/uploads\/2026\/02\/Berkut-800-tactical-18x12.png 18w, https:\/\/aerovehicles.net\/wp-content\/uploads\/2026\/02\/Berkut-800-tactical-570x380.png 570w, https:\/\/aerovehicles.net\/wp-content\/uploads\/2026\/02\/Berkut-800-tactical-380x254.png 380w, https:\/\/aerovehicles.net\/wp-content\/uploads\/2026\/02\/Berkut-800-tactical-285x190.png 285w, https:\/\/aerovehicles.net\/wp-content\/uploads\/2026\/02\/Berkut-800-tactical-500x333.png 500w, https:\/\/aerovehicles.net\/wp-content\/uploads\/2026\/02\/Berkut-800-tactical-800x533.png 800w, https:\/\/aerovehicles.net\/wp-content\/uploads\/2026\/02\/Berkut-800-tactical-1280x853.png 1280w\" data-sizes=\"(max-width: 1536px) 100vw, 1536px\" src=\"data:image\/svg+xml;base64,PHN2ZyB3aWR0aD0iMSIgaGVpZ2h0PSIxIiB4bWxucz0iaHR0cDovL3d3dy53My5vcmcvMjAwMC9zdmciPjwvc3ZnPg==\" style=\"--smush-placeholder-width: 1536px; --smush-placeholder-aspect-ratio: 1536\/1024;\" \/><\/div><\/div><div class=\"nk-awb-wrap-content is-layout-constrained wp-block-nk-awb-is-layout-constrained\">\n<h2 class=\"wp-block-heading has-text-align-right has-black-color has-text-color has-link-color has-large-font-size wp-elements-ad3f6ff4e78bf8c047ceed3921c3b604\">Aplicaciones<\/h2>\n\n\n\n<p class=\"has-text-align-right has-black-color has-text-color has-link-color has-medium-font-size wp-elements-c1b34d1f7656877aaf52984d713ef127\"><strong>Militar y Defensa<\/strong>: Ideal para <strong>misiones de ataque ligero<\/strong>, <strong>contrainsurgencia<\/strong>, y <strong>entrenamiento de pilotos<\/strong>.<\/p>\n\n\n\n<p class=\"has-text-align-right has-black-color has-text-color has-link-color has-medium-font-size wp-elements-f91abfdb350f969283a0e9ad53f26328\"><strong>Operaciones ISR<\/strong>: Equipado con sensores avanzados para <strong>inteligencia, vigilancia y reconocimiento<\/strong>.<\/p>\n<\/div><\/div>\n\n\n\n<p><\/p>\n\n\n\n<h2 class=\"wp-block-heading has-large-font-size\">Especificaciones<\/h2>\n\n\n\n<figure class=\"wp-block-table is-style-stripes has-medium-font-size\"><table class=\"has-fixed-layout\"><tbody><tr><td><strong>Tripulaci\u00f3n<\/strong><\/td><td>2 t\u00e1ndem<\/td><\/tr><tr><td><strong>Propulsi\u00f3n<\/strong><\/td><td>PT-6 o Allisson Turboprop 800-850 shp (a confirmar)<\/td><\/tr><tr><td><strong>Dimensiones<\/strong><\/td><td>Longitud 8,9 m x altura 4,5 m (por confirmar)<\/td><\/tr><tr><td><strong>Envergadura<\/strong><\/td><td>12,2 m (por confirmar)<\/td><\/tr><tr><td><strong>Autonom\u00eda<\/strong><\/td><td>10hs (por confirmar)<\/td><\/tr><tr><td><strong>Alcance<\/strong><\/td><td>2500 millas \/ 4000 Km (por confirmar)<\/td><\/tr><tr><td><strong>Velocidad crucero<\/strong><\/td><td>250-300 nudos (por confirmar)<\/td><\/tr><tr><td><strong>Peso vac\u00edo<\/strong><\/td><td>2800-3500 lbs \/ 1270 \u2013 1587 kgs (por confirmar)<\/td><\/tr><tr><td><strong>Peso neto<\/strong><\/td><td>8500 lbs. \/ 3855 kgs (por confirmar)<\/td><\/tr><tr><td><strong>Resistencia a la Fuerza G<\/strong><\/td><td>+10G<\/td><\/tr><tr><td><strong>Bah\u00eda central<\/strong><\/td><td>63\" x 35.5\" x 31.5\" \/ 1.6 m x 0.9 m x 0.8 m (por confirmar)<\/td><\/tr><tr><td><strong>Bah\u00eda de avi\u00f3nica<\/strong><\/td><td>51\" x 35.5\" x 23.5\" \/ 1.3 m x 0.9 m x 0.6 m (por confirmar)<\/td><\/tr><tr><td><strong>Carga \u00datil Externa<\/strong><\/td><td>2 pilones externos para sensores + l\u00ednea central<br>Puntos de anclaje est\u00e1ndar OTAN.<\/td><\/tr><\/tbody><\/table><figcaption class=\"wp-element-caption\">Algunas especificaciones pueden cambiar durante el proceso de dise\u00f1o y fabricaci\u00f3n. El rendimiento real puede variar seg\u00fan las condiciones operativas.<\/figcaption><\/figure>\n\n\n\n<div class=\"wp-block-nk-awb nk-awb nk-awb-fullheight nk-awb-content-valign-center alignfull is-layout-constrained wp-block-nk-awb-is-layout-constrained\"><div class=\"nk-awb-wrap\" data-awb-type=\"image\" data-awb-parallax=\"scroll-opacity\" data-awb-parallax-speed=\"0.5\" data-awb-parallax-mobile=\"true\" data-awb-image-background-size=\"cover\" data-awb-image-background-position=\"49% 60%\"><div class=\"nk-awb-inner\"><img decoding=\"async\" data-src=\"https:\/\/aerovehicles.net\/wp-content\/uploads\/2026\/02\/Berkut-800-sport-2.png\" class=\"wp-image-1664 jarallax-img lazyload\" width=\"1536\" height=\"1024\" data-srcset=\"https:\/\/aerovehicles.net\/wp-content\/uploads\/2026\/02\/Berkut-800-sport-2.png 1536w, https:\/\/aerovehicles.net\/wp-content\/uploads\/2026\/02\/Berkut-800-sport-2-300x200.png 300w, https:\/\/aerovehicles.net\/wp-content\/uploads\/2026\/02\/Berkut-800-sport-2-1024x683.png 1024w, https:\/\/aerovehicles.net\/wp-content\/uploads\/2026\/02\/Berkut-800-sport-2-768x512.png 768w, https:\/\/aerovehicles.net\/wp-content\/uploads\/2026\/02\/Berkut-800-sport-2-18x12.png 18w, https:\/\/aerovehicles.net\/wp-content\/uploads\/2026\/02\/Berkut-800-sport-2-570x380.png 570w, https:\/\/aerovehicles.net\/wp-content\/uploads\/2026\/02\/Berkut-800-sport-2-380x254.png 380w, https:\/\/aerovehicles.net\/wp-content\/uploads\/2026\/02\/Berkut-800-sport-2-285x190.png 285w, https:\/\/aerovehicles.net\/wp-content\/uploads\/2026\/02\/Berkut-800-sport-2-500x333.png 500w, https:\/\/aerovehicles.net\/wp-content\/uploads\/2026\/02\/Berkut-800-sport-2-800x533.png 800w, https:\/\/aerovehicles.net\/wp-content\/uploads\/2026\/02\/Berkut-800-sport-2-1280x853.png 1280w\" data-sizes=\"(max-width: 1536px) 100vw, 1536px\" src=\"data:image\/svg+xml;base64,PHN2ZyB3aWR0aD0iMSIgaGVpZ2h0PSIxIiB4bWxucz0iaHR0cDovL3d3dy53My5vcmcvMjAwMC9zdmciPjwvc3ZnPg==\" style=\"--smush-placeholder-width: 1536px; --smush-placeholder-aspect-ratio: 1536\/1024;\" \/><\/div><\/div><div class=\"nk-awb-wrap-content\"><\/div><\/div>\n\n\n\n<h2 class=\"wp-block-heading has-large-font-size\">Etapa de Desarrollo<\/h2>\n\n\n\n<p class=\"has-medium-font-size\">El <strong>Berkut 800<\/strong> actualmente est\u00e1 en desarrollo, con especificaciones sujetas a cambios impulsados \u200b\u200bpor el cliente. Aerovehicles se compromete a entregar un avi\u00f3n altamente capaz que satisfaga las necesidades en evoluci\u00f3n de las operaciones militares e ISR.<\/p>\n\n\n\n<hr class=\"wp-block-separator has-alpha-channel-opacity\"\/>\n\n\n\n<p class=\"has-medium-font-size\"><\/p>\n\n\n\n<hr class=\"wp-block-separator has-alpha-channel-opacity\"\/>\n\n\n\n<h2 class=\"wp-block-heading has-large-font-size\">Berkut 800 UAV &#8211; Unmanned <\/h2>\n\n\n\n<p class=\"has-medium-font-size\">The Berkut 800 Unmanned configuration enables fully autonomous ISR, surveillance, and long-range cargo missions, combining high endurance, reduced operational risk, and modular payload flexibility\u2014reinforcing its role as a truly adaptable multi-role platform for modern operations.<\/p>\n\n\n\n<hr class=\"wp-block-separator has-alpha-channel-opacity\"\/>\n\n\n\n<div class=\"wp-block-buttons is-layout-flex wp-block-buttons-is-layout-flex\">\n<div class=\"wp-block-button\"><a class=\"wp-block-button__link wp-element-button\">Cont\u00e1ctenos<\/a><\/div>\n<\/div>\n\n\n\n<p><\/p>","protected":false},"excerpt":{"rendered":"<p>Berkut 800 &#8211; The Next Evolution in Military and ISR Aircraft The Berkut 800 is a tandem-seat turboprop aircraft designed for military operations, including light attack, counterinsurgency, pilot training, and ISR missions. Built for versatility, it incorporates modern avionics and customizable systems, making it adaptable to specific mission requirements. With advanced technologies, the Berkut 800<span class=\"post-excerpt-end\">&hellip;<\/span><\/p>\n<p class=\"more-link\"><a href=\"https:\/\/aerovehicles.net\/es\/berkut-800\/\" class=\"themebutton\">Leer m\u00e1s<\/a><\/p>","protected":false},"author":1,"featured_media":1577,"parent":0,"menu_order":0,"comment_status":"closed","ping_status":"closed","template":"","meta":{"footnotes":""},"class_list":["post-246","page","type-page","status-publish","has-post-thumbnail","hentry"],"yoast_head":"<!-- This site is optimized with the Yoast SEO plugin v27.3 - https:\/\/yoast.com\/product\/yoast-seo-wordpress\/ -->\n<title>Berkut 800 - Aerovehicles<\/title>\n<meta name=\"description\" content=\"The Berkut 800 is a tandem-seat military turboprop aircraft designed for light attack, counterinsurgency, pilot training and ISR missions, combining modern avionics, customizable systems and outstanding operational performance.\" \/>\n<meta name=\"robots\" content=\"index, follow, max-snippet:-1, max-image-preview:large, max-video-preview:-1\" \/>\n<link rel=\"canonical\" href=\"https:\/\/aerovehicles.net\/es\/berkut-800\/\" \/>\n<meta property=\"og:locale\" content=\"es_ES\" \/>\n<meta property=\"og:type\" content=\"article\" \/>\n<meta property=\"og:title\" content=\"Berkut 800 - Aerovehicles\" \/>\n<meta property=\"og:description\" content=\"The Berkut 800 is a tandem-seat military turboprop aircraft designed for light attack, counterinsurgency, pilot training and ISR missions, combining modern avionics, customizable systems and outstanding operational performance.\" \/>\n<meta property=\"og:url\" content=\"https:\/\/aerovehicles.net\/es\/berkut-800\/\" \/>\n<meta property=\"og:site_name\" content=\"Aerovehicles\" \/>\n<meta property=\"article:publisher\" content=\"https:\/\/www.facebook.com\/aerovehicles\" \/>\n<meta property=\"article:modified_time\" content=\"2026-03-18T21:31:11+00:00\" \/>\n<meta property=\"og:image\" content=\"https:\/\/aerovehicles.net\/wp-content\/uploads\/2026\/02\/Berkut-800-1.png\" \/>\n\t<meta property=\"og:image:width\" content=\"1536\" \/>\n\t<meta property=\"og:image:height\" content=\"1024\" \/>\n\t<meta property=\"og:image:type\" content=\"image\/png\" \/>\n<meta name=\"twitter:card\" content=\"summary_large_image\" \/>\n<meta name=\"twitter:site\" content=\"@AeroVehicles\" \/>\n<meta name=\"twitter:label1\" content=\"Tiempo de lectura\" \/>\n\t<meta name=\"twitter:data1\" content=\"3 minutos\" \/>\n<script type=\"application\/ld+json\" class=\"yoast-schema-graph\">{\"@context\":\"https:\\\/\\\/schema.org\",\"@graph\":[{\"@type\":\"WebPage\",\"@id\":\"https:\\\/\\\/aerovehicles.net\\\/berkut-800\\\/\",\"url\":\"https:\\\/\\\/aerovehicles.net\\\/berkut-800\\\/\",\"name\":\"Berkut 800 - Aerovehicles\",\"isPartOf\":{\"@id\":\"https:\\\/\\\/aerovehicles.net\\\/#website\"},\"primaryImageOfPage\":{\"@id\":\"https:\\\/\\\/aerovehicles.net\\\/berkut-800\\\/#primaryimage\"},\"image\":{\"@id\":\"https:\\\/\\\/aerovehicles.net\\\/berkut-800\\\/#primaryimage\"},\"thumbnailUrl\":\"https:\\\/\\\/aerovehicles.net\\\/wp-content\\\/uploads\\\/2026\\\/02\\\/Berkut-800-1.png\",\"datePublished\":\"2024-10-15T01:14:36+00:00\",\"dateModified\":\"2026-03-18T21:31:11+00:00\",\"description\":\"The Berkut 800 is a tandem-seat military turboprop aircraft designed for light attack, counterinsurgency, pilot training and ISR missions, combining modern avionics, customizable systems and outstanding operational performance.\",\"breadcrumb\":{\"@id\":\"https:\\\/\\\/aerovehicles.net\\\/berkut-800\\\/#breadcrumb\"},\"inLanguage\":\"es\",\"potentialAction\":[{\"@type\":\"ReadAction\",\"target\":[\"https:\\\/\\\/aerovehicles.net\\\/berkut-800\\\/\"]}]},{\"@type\":\"ImageObject\",\"inLanguage\":\"es\",\"@id\":\"https:\\\/\\\/aerovehicles.net\\\/berkut-800\\\/#primaryimage\",\"url\":\"https:\\\/\\\/aerovehicles.net\\\/wp-content\\\/uploads\\\/2026\\\/02\\\/Berkut-800-1.png\",\"contentUrl\":\"https:\\\/\\\/aerovehicles.net\\\/wp-content\\\/uploads\\\/2026\\\/02\\\/Berkut-800-1.png\",\"width\":1536,\"height\":1024},{\"@type\":\"BreadcrumbList\",\"@id\":\"https:\\\/\\\/aerovehicles.net\\\/berkut-800\\\/#breadcrumb\",\"itemListElement\":[{\"@type\":\"ListItem\",\"position\":1,\"name\":\"Home\",\"item\":\"https:\\\/\\\/aerovehicles.net\\\/\"},{\"@type\":\"ListItem\",\"position\":2,\"name\":\"Berkut 800\"}]},{\"@type\":\"WebSite\",\"@id\":\"https:\\\/\\\/aerovehicles.net\\\/#website\",\"url\":\"https:\\\/\\\/aerovehicles.net\\\/\",\"name\":\"Aerovehicles\",\"description\":\"Airborne Solutions\",\"publisher\":{\"@id\":\"https:\\\/\\\/aerovehicles.net\\\/#organization\"},\"potentialAction\":[{\"@type\":\"SearchAction\",\"target\":{\"@type\":\"EntryPoint\",\"urlTemplate\":\"https:\\\/\\\/aerovehicles.net\\\/?s={search_term_string}\"},\"query-input\":{\"@type\":\"PropertyValueSpecification\",\"valueRequired\":true,\"valueName\":\"search_term_string\"}}],\"inLanguage\":\"es\"},{\"@type\":\"Organization\",\"@id\":\"https:\\\/\\\/aerovehicles.net\\\/#organization\",\"name\":\"Aerovehicles\",\"url\":\"https:\\\/\\\/aerovehicles.net\\\/\",\"logo\":{\"@type\":\"ImageObject\",\"inLanguage\":\"es\",\"@id\":\"https:\\\/\\\/aerovehicles.net\\\/#\\\/schema\\\/logo\\\/image\\\/\",\"url\":\"https:\\\/\\\/aerovehicles.net\\\/wp-content\\\/uploads\\\/2024\\\/10\\\/cropped-cropped-AVI-Logo-2020-v2-logo-wp-1.png\",\"contentUrl\":\"https:\\\/\\\/aerovehicles.net\\\/wp-content\\\/uploads\\\/2024\\\/10\\\/cropped-cropped-AVI-Logo-2020-v2-logo-wp-1.png\",\"width\":312,\"height\":200,\"caption\":\"Aerovehicles\"},\"image\":{\"@id\":\"https:\\\/\\\/aerovehicles.net\\\/#\\\/schema\\\/logo\\\/image\\\/\"},\"sameAs\":[\"https:\\\/\\\/www.facebook.com\\\/aerovehicles\",\"https:\\\/\\\/x.com\\\/AeroVehicles\",\"https:\\\/\\\/www.linkedin.com\\\/company\\\/aerovehicles-inc-\",\"https:\\\/\\\/instagram.com\\\/aerovehicles\"]}]}<\/script>\n<!-- \/ Yoast SEO plugin. -->","yoast_head_json":{"title":"Berkut 800 - Aerovehicles","description":"The Berkut 800 is a tandem-seat military turboprop aircraft designed for light attack, counterinsurgency, pilot training and ISR missions, combining modern avionics, customizable systems and outstanding operational performance.","robots":{"index":"index","follow":"follow","max-snippet":"max-snippet:-1","max-image-preview":"max-image-preview:large","max-video-preview":"max-video-preview:-1"},"canonical":"https:\/\/aerovehicles.net\/es\/berkut-800\/","og_locale":"es_ES","og_type":"article","og_title":"Berkut 800 - Aerovehicles","og_description":"The Berkut 800 is a tandem-seat military turboprop aircraft designed for light attack, counterinsurgency, pilot training and ISR missions, combining modern avionics, customizable systems and outstanding operational performance.","og_url":"https:\/\/aerovehicles.net\/es\/berkut-800\/","og_site_name":"Aerovehicles","article_publisher":"https:\/\/www.facebook.com\/aerovehicles","article_modified_time":"2026-03-18T21:31:11+00:00","og_image":[{"width":1536,"height":1024,"url":"https:\/\/aerovehicles.net\/wp-content\/uploads\/2026\/02\/Berkut-800-1.png","type":"image\/png"}],"twitter_card":"summary_large_image","twitter_site":"@AeroVehicles","twitter_misc":{"Tiempo de lectura":"3 minutos"},"schema":{"@context":"https:\/\/schema.org","@graph":[{"@type":"WebPage","@id":"https:\/\/aerovehicles.net\/berkut-800\/","url":"https:\/\/aerovehicles.net\/berkut-800\/","name":"Berkut 800 - Aerovehicles","isPartOf":{"@id":"https:\/\/aerovehicles.net\/#website"},"primaryImageOfPage":{"@id":"https:\/\/aerovehicles.net\/berkut-800\/#primaryimage"},"image":{"@id":"https:\/\/aerovehicles.net\/berkut-800\/#primaryimage"},"thumbnailUrl":"https:\/\/aerovehicles.net\/wp-content\/uploads\/2026\/02\/Berkut-800-1.png","datePublished":"2024-10-15T01:14:36+00:00","dateModified":"2026-03-18T21:31:11+00:00","description":"The Berkut 800 is a tandem-seat military turboprop aircraft designed for light attack, counterinsurgency, pilot training and ISR missions, combining modern avionics, customizable systems and outstanding operational performance.","breadcrumb":{"@id":"https:\/\/aerovehicles.net\/berkut-800\/#breadcrumb"},"inLanguage":"es","potentialAction":[{"@type":"ReadAction","target":["https:\/\/aerovehicles.net\/berkut-800\/"]}]},{"@type":"ImageObject","inLanguage":"es","@id":"https:\/\/aerovehicles.net\/berkut-800\/#primaryimage","url":"https:\/\/aerovehicles.net\/wp-content\/uploads\/2026\/02\/Berkut-800-1.png","contentUrl":"https:\/\/aerovehicles.net\/wp-content\/uploads\/2026\/02\/Berkut-800-1.png","width":1536,"height":1024},{"@type":"BreadcrumbList","@id":"https:\/\/aerovehicles.net\/berkut-800\/#breadcrumb","itemListElement":[{"@type":"ListItem","position":1,"name":"Home","item":"https:\/\/aerovehicles.net\/"},{"@type":"ListItem","position":2,"name":"Berkut 800"}]},{"@type":"WebSite","@id":"https:\/\/aerovehicles.net\/#website","url":"https:\/\/aerovehicles.net\/","name":"Aerovehicles","description":"Airborne Solutions","publisher":{"@id":"https:\/\/aerovehicles.net\/#organization"},"potentialAction":[{"@type":"SearchAction","target":{"@type":"EntryPoint","urlTemplate":"https:\/\/aerovehicles.net\/?s={search_term_string}"},"query-input":{"@type":"PropertyValueSpecification","valueRequired":true,"valueName":"search_term_string"}}],"inLanguage":"es"},{"@type":"Organization","@id":"https:\/\/aerovehicles.net\/#organization","name":"Aerovehicles","url":"https:\/\/aerovehicles.net\/","logo":{"@type":"ImageObject","inLanguage":"es","@id":"https:\/\/aerovehicles.net\/#\/schema\/logo\/image\/","url":"https:\/\/aerovehicles.net\/wp-content\/uploads\/2024\/10\/cropped-cropped-AVI-Logo-2020-v2-logo-wp-1.png","contentUrl":"https:\/\/aerovehicles.net\/wp-content\/uploads\/2024\/10\/cropped-cropped-AVI-Logo-2020-v2-logo-wp-1.png","width":312,"height":200,"caption":"Aerovehicles"},"image":{"@id":"https:\/\/aerovehicles.net\/#\/schema\/logo\/image\/"},"sameAs":["https:\/\/www.facebook.com\/aerovehicles","https:\/\/x.com\/AeroVehicles","https:\/\/www.linkedin.com\/company\/aerovehicles-inc-","https:\/\/instagram.com\/aerovehicles"]}]}},"_links":{"self":[{"href":"https:\/\/aerovehicles.net\/es\/wp-json\/wp\/v2\/pages\/246","targetHints":{"allow":["GET"]}}],"collection":[{"href":"https:\/\/aerovehicles.net\/es\/wp-json\/wp\/v2\/pages"}],"about":[{"href":"https:\/\/aerovehicles.net\/es\/wp-json\/wp\/v2\/types\/page"}],"author":[{"embeddable":true,"href":"https:\/\/aerovehicles.net\/es\/wp-json\/wp\/v2\/users\/1"}],"replies":[{"embeddable":true,"href":"https:\/\/aerovehicles.net\/es\/wp-json\/wp\/v2\/comments?post=246"}],"version-history":[{"count":62,"href":"https:\/\/aerovehicles.net\/es\/wp-json\/wp\/v2\/pages\/246\/revisions"}],"predecessor-version":[{"id":1792,"href":"https:\/\/aerovehicles.net\/es\/wp-json\/wp\/v2\/pages\/246\/revisions\/1792"}],"wp:featuredmedia":[{"embeddable":true,"href":"https:\/\/aerovehicles.net\/es\/wp-json\/wp\/v2\/media\/1577"}],"wp:attachment":[{"href":"https:\/\/aerovehicles.net\/es\/wp-json\/wp\/v2\/media?parent=246"}],"curies":[{"name":"wp","href":"https:\/\/api.w.org\/{rel}","templated":true}]}}