{"id":1313,"date":"2025-08-09T12:22:47","date_gmt":"2025-08-09T15:22:47","guid":{"rendered":"https:\/\/aerovehicles.net\/?page_id=1313"},"modified":"2026-02-28T18:35:19","modified_gmt":"2026-02-28T21:35:19","slug":"mobius-cargo","status":"publish","type":"page","link":"https:\/\/aerovehicles.net\/es\/mobius-cargo\/","title":{"rendered":"Mobius Cargo"},"content":{"rendered":"<h2 class=\"wp-block-heading has-large-font-size\"><strong>Mobius Cargo: Revolucionando el transporte de carga a larga distancia<\/strong><\/h2>\n\n\n\n<p class=\"has-medium-font-size\">El <strong>Mobius Cargo<\/strong> es una soluci\u00f3n innovadora para <strong>transporte de carga de largo alcance<\/strong> en ambos <strong>comercial<\/strong> y <strong>militar<\/strong> Operaciones. Con su alta capacidad de carga \u00fatil, bajos costos operativos y de mantenimiento, y su avanzada resistencia, este veh\u00edculo opcional pilotado ofrece una eficiencia inigualable para transportar mercanc\u00edas a ubicaciones remotas con una infraestructura m\u00ednima. Dise\u00f1ado para ser vers\u00e1til, el OPV Mobius puede personalizarse para satisfacer las necesidades espec\u00edficas de cualquier misi\u00f3n de carga.<\/p>\n\n\n\n<div class=\"wp-block-nk-awb nk-awb alignfull nk-awb-fullheight nk-awb-content-valign-center is-layout-constrained wp-block-nk-awb-is-layout-constrained\"><div class=\"nk-awb-wrap\" data-awb-type=\"yt_vm_video\" data-awb-video=\"https:\/\/youtu.be\/iQ0HkSqLM5o\" data-awb-video-start-time=\"60\" data-awb-video-end-time=\"90\" data-awb-video-mobile=\"true\" data-awb-parallax=\"scroll-opacity\" data-awb-parallax-speed=\"0.5\" data-awb-parallax-mobile=\"true\"><div class=\"nk-awb-inner\"><\/div><\/div><div class=\"nk-awb-wrap-content\"><\/div><\/div>\n\n\n\n<p><\/p>\n\n\n\n<h2 class=\"wp-block-heading has-large-font-size\">Caracter\u00edsticas<\/h2>\n\n\n\n\t\t<div class=\"wpsm_service_b_row\" id=\"wpsm_service_b_row_778\">\r\n\t\t\t<div class=\"wpsm_row\"> \r\n<style>\r\n.wpsm_row{\r\n\toverflow:hidden;\r\n\tdisplay:block;\r\n\twidth:100%;\r\n}\r\n.wpsm_service_b_row{ \r\n\toverflow:hidden;\r\n\tdisplay:block;\r\n\twidth:100%;\r\n\tborder:0px solid #ddd;\r\n\tmargin-bottom:20px;\r\n}\r\n #wpsm_service_b_row_778 .wpsm_serviceBox{\r\n\tpadding:30px 0 ;\r\n\tmargin-bottom:20px;\r\n}\r\n#wpsm_service_b_row_778 .wpsm_serviceBox .wpsm_service-icon{\r\n\tbackground:#dddddd !important;\r\n\theight: 70px;\r\n\twidth: 70px;\r\n\tborder-radius:50% !important;\r\n\ttext-align: center !important;\r\n\tfloat: left !important;\r\n}\r\n\r\n#wpsm_service_b_row_778 .wpsm_serviceBox .wpsm_service-icon i{\r\n\tfont-size:30px !important;\r\n\tcolor: #636363 !important;\r\n\tline-height: 70px;\r\n}\r\n   \r\n#wpsm_service_b_row_778 .wpsm_serviceBox .wpsm_service-content {\r\n\tmargin-left: 95px;\r\n}\r\n#wpsm_service_b_row_778 .wpsm_serviceBox .wpsm_service-content h3{\r\n\tcolor: #000000 !important;\r\n\tfont-size: 22px !important;\r\n\tfont-weight: 600;\r\n\t\tfont-family:'Open Sans' !important;\r\n\t\tmargin-top: 0;\r\n\tclear:inherit !important;\r\n\tline-height:1.4 !important;\r\n\tmargin-bottom:0px !important;\r\n\t\r\n}\r\n#wpsm_service_b_row_778 .wpsm_serviceBox .wpsm_service-content p{\r\n\tcolor:#7f7f7f !important;\r\n\tfont-size: 22px !important;\r\n\tline-height:1.4 !important;\r\n\t\tfont-family:'Open Sans' !important;\r\n\t\tmargin-top:10px;\r\n\tmargin-bottom:0px;\r\n\t\r\n}\r\n#wpsm_service_b_row_778 .wpsm_serviceBox .wpsm_read{\r\n\tcolor: #4c4c4c !important;\r\n\tfont-size: 18px !important;\r\n\t\tfont-family:'Open Sans' !important;\r\n\t\ttext-decoration: none;\r\n\tborder-bottom: 1px solid;\r\n\t margin-top:15px;\r\n\t display: inline-block;\r\n}\r\n<\/style>\r\n\r\n\t\t\t\r\n\t\t\t\t<div class=\"wpsm_col-md-6 wpsm_col-sm-6\">\r\n                    <div class=\"wpsm_serviceBox\">\r\n\t\t\t\t\t\t                       \r\n\t\t\t\t\t\t\t<div class=\"wpsm_service-icon\">\r\n\t\t\t\t\t\t\t\t<i class=\"fa fa-cubes\"><\/i>\r\n\t\t\t\t\t\t\t<\/div>\r\n\t\t\t\t\t\t                        <div class=\"wpsm_service-content\">\r\n                            <h3>Alta Capacidad de Carga<\/h3>\r\n                            <p> Hasta 350 kg, similar a un peque\u00f1o cami\u00f3n de reparto, ideal para transportar mercanc\u00edas pesadas a \u00e1reas remotas.<\/p>\r\n                            \t\t\t\t\t\t\t                        <\/div>\r\n                    <\/div>\r\n                <\/div>\r\n\r\n\t\t\t\t\r\n\t\t\t\t<div class=\"wpsm_col-md-6 wpsm_col-sm-6\">\r\n                    <div class=\"wpsm_serviceBox\">\r\n\t\t\t\t\t\t                       \r\n\t\t\t\t\t\t\t<div class=\"wpsm_service-icon\">\r\n\t\t\t\t\t\t\t\t<i class=\"fa fa-arrows-alt\"><\/i>\r\n\t\t\t\t\t\t\t<\/div>\r\n\t\t\t\t\t\t                        <div class=\"wpsm_service-content\">\r\n                            <h3>Volumen de carga<\/h3>\r\n                            <p> Con una capacidad de 4,45 m\u00b3 (160 pies c\u00fabicos), transporta eficientemente art\u00edculos voluminosos a largas distancias, reduciendo la necesidad de realizar m\u00faltiples viajes.<\/p>\r\n                            \t\t\t\t\t\t\t                        <\/div>\r\n                    <\/div>\r\n                <\/div>\r\n\r\n\t\t\t\t\t\t\t\t\t\t<\/div>\r\n\t\t\t\t\t\t<div class=\"wpsm_row\">\r\n\t\t\t\t\t\t\r\n\t\t\t\t<div class=\"wpsm_col-md-6 wpsm_col-sm-6\">\r\n                    <div class=\"wpsm_serviceBox\">\r\n\t\t\t\t\t\t                       \r\n\t\t\t\t\t\t\t<div class=\"wpsm_service-icon\">\r\n\t\t\t\t\t\t\t\t<i class=\"fa fa-expand\"><\/i>\r\n\t\t\t\t\t\t\t<\/div>\r\n\t\t\t\t\t\t                        <div class=\"wpsm_service-content\">\r\n                            <h3>Largo alcance<\/h3>\r\n                            <p> Hasta 2.778 km con alas est\u00e1ndar y 6.667 km con alas largas, perfecto para misiones de largo alcance en regiones remotas.<\/p>\r\n                            \t\t\t\t\t\t\t                        <\/div>\r\n                    <\/div>\r\n                <\/div>\r\n\r\n\t\t\t\t\r\n\t\t\t\t<div class=\"wpsm_col-md-6 wpsm_col-sm-6\">\r\n                    <div class=\"wpsm_serviceBox\">\r\n\t\t\t\t\t\t                       \r\n\t\t\t\t\t\t\t<div class=\"wpsm_service-icon\">\r\n\t\t\t\t\t\t\t\t<i class=\"fa fa-dollar\"><\/i>\r\n\t\t\t\t\t\t\t<\/div>\r\n\t\t\t\t\t\t                        <div class=\"wpsm_service-content\">\r\n                            <h3>Eficiencia de costos<\/h3>\r\n                            <p> Menos de 0,50 USD por kg, el Mobius Cargo ofrece una soluci\u00f3n altamente rentable, reduciendo significativamente los gastos de transporte a\u00e9reo de carga.<\/p>\r\n                            \t\t\t\t\t\t\t                        <\/div>\r\n                    <\/div>\r\n                <\/div>\r\n\r\n\t\t\t\t\t\t\t\t\t\t<\/div>\r\n\t\t\t\t\t\t<div class=\"wpsm_row\">\r\n\t\t\t\t\t\t    \r\n\r\n<\/div>\t   \t\t<\/div>\r\n\t\t\r\n\t\n\n\n\n<div class=\"wp-block-media-text is-stacked-on-mobile is-image-fill-element\"><figure class=\"wp-block-media-text__media\"><img decoding=\"async\" width=\"858\" height=\"632\" data-src=\"https:\/\/aerovehicles.net\/wp-content\/uploads\/2024\/10\/rou5.jpg\" alt=\"\" class=\"wp-image-781 size-full lazyload\" style=\"--smush-placeholder-width: 858px; --smush-placeholder-aspect-ratio: 858\/632;object-position:50% 50%\" data-srcset=\"https:\/\/aerovehicles.net\/wp-content\/uploads\/2024\/10\/rou5.jpg 858w, https:\/\/aerovehicles.net\/wp-content\/uploads\/2024\/10\/rou5-300x221.jpg 300w, https:\/\/aerovehicles.net\/wp-content\/uploads\/2024\/10\/rou5-768x566.jpg 768w, https:\/\/aerovehicles.net\/wp-content\/uploads\/2024\/10\/rou5-16x12.jpg 16w, https:\/\/aerovehicles.net\/wp-content\/uploads\/2024\/10\/rou5-500x368.jpg 500w, https:\/\/aerovehicles.net\/wp-content\/uploads\/2024\/10\/rou5-800x589.jpg 800w\" data-sizes=\"(max-width: 858px) 100vw, 858px\" src=\"data:image\/svg+xml;base64,PHN2ZyB3aWR0aD0iMSIgaGVpZ2h0PSIxIiB4bWxucz0iaHR0cDovL3d3dy53My5vcmcvMjAwMC9zdmciPjwvc3ZnPg==\" \/><\/figure><div class=\"wp-block-media-text__content\">\n<h2 class=\"wp-block-heading has-large-font-size\">Operaciones de carga de gran capacidad y largo alcance<\/h2>\n\n\n\n<p class=\"has-medium-font-size\">Mobius Cargo es una soluci\u00f3n eficiente para la entrega de carga a \u00e1reas remotas, especialmente aquellas con acceso limitado. Con capacidades de largo alcance, Mobius Cargo puede transportar suministros esenciales, equipos m\u00e9dicos y mercanc\u00edas sobre terrenos dif\u00edciles, reduciendo los tiempos y costos de entrega. Estas operaciones son ideales para regiones con infraestructura insuficiente, permitiendo un transporte aut\u00f3nomo y confiable en entornos desafiantes, al tiempo que garantiza apoyo oportuno a comunidades o industrias aisladas.<\/p>\n<\/div><\/div>\n\n\n\n<div class=\"wp-block-nk-awb nk-awb nk-awb-fullheight nk-awb-content-valign-center alignfull\"><div class=\"nk-awb-wrap\" data-awb-type=\"image\" data-awb-parallax=\"scroll-opacity\" data-awb-parallax-speed=\"0.5\" data-awb-parallax-mobile=\"true\" data-awb-image-background-size=\"cover\" data-awb-image-background-position=\"49% 49%\"><div class=\"nk-awb-inner\"><img decoding=\"async\" data-src=\"https:\/\/aerovehicles.net\/wp-content\/uploads\/2026\/02\/Berkut-Cargo-1.png\" class=\"wp-image-1411 jarallax-img lazyload\" width=\"1536\" height=\"1024\" data-srcset=\"https:\/\/aerovehicles.net\/wp-content\/uploads\/2026\/02\/Berkut-Cargo-1.png 1536w, https:\/\/aerovehicles.net\/wp-content\/uploads\/2026\/02\/Berkut-Cargo-1-300x200.png 300w, https:\/\/aerovehicles.net\/wp-content\/uploads\/2026\/02\/Berkut-Cargo-1-1024x683.png 1024w, https:\/\/aerovehicles.net\/wp-content\/uploads\/2026\/02\/Berkut-Cargo-1-768x512.png 768w, https:\/\/aerovehicles.net\/wp-content\/uploads\/2026\/02\/Berkut-Cargo-1-18x12.png 18w, https:\/\/aerovehicles.net\/wp-content\/uploads\/2026\/02\/Berkut-Cargo-1-570x380.png 570w, https:\/\/aerovehicles.net\/wp-content\/uploads\/2026\/02\/Berkut-Cargo-1-380x254.png 380w, https:\/\/aerovehicles.net\/wp-content\/uploads\/2026\/02\/Berkut-Cargo-1-285x190.png 285w, https:\/\/aerovehicles.net\/wp-content\/uploads\/2026\/02\/Berkut-Cargo-1-500x333.png 500w, https:\/\/aerovehicles.net\/wp-content\/uploads\/2026\/02\/Berkut-Cargo-1-800x533.png 800w, https:\/\/aerovehicles.net\/wp-content\/uploads\/2026\/02\/Berkut-Cargo-1-1280x853.png 1280w\" data-sizes=\"(max-width: 1536px) 100vw, 1536px\" src=\"data:image\/svg+xml;base64,PHN2ZyB3aWR0aD0iMSIgaGVpZ2h0PSIxIiB4bWxucz0iaHR0cDovL3d3dy53My5vcmcvMjAwMC9zdmciPjwvc3ZnPg==\" style=\"--smush-placeholder-width: 1536px; --smush-placeholder-aspect-ratio: 1536\/1024;\" \/><\/div><\/div><div class=\"nk-awb-wrap-content is-layout-constrained wp-block-nk-awb-is-layout-constrained\">\n\n<h2 class=\"wp-block-heading has-white-color has-text-color has-link-color has-large-font-size wp-elements-113cd323ac6279f3747968988e941437\">Aplicaciones<\/h2>\n\n\n<p class=\"has-white-color has-text-color has-link-color has-large-font-size wp-elements-51f3913b7325d65563af050e5a9420ac\">Carga comercial<\/p>\n\n\n<p class=\"has-white-color has-text-color has-link-color has-large-font-size wp-elements-9972a7f29618118fab53973d3e660a08\">Log\u00edstica militar<\/p>\n\n\n<p class=\"has-white-color has-text-color has-link-color has-large-font-size wp-elements-54bbc6742672157eb2def0155b87ce6b\">Alivio de desastres<\/p>\n\n<\/div><\/div>\n\n\n\n<p><\/p>\n\n\n\n<h2 class=\"wp-block-heading has-large-font-size\">El futuro de Mobius en las operaciones de carga<\/h2>\n\n\n\n<p class=\"has-medium-font-size\">A medida que crece la demanda de soluciones eficientes de transporte de carga, especialmente en zonas remotas o de dif\u00edcil acceso. Con su <strong>alta capacidad de carga \u00fatil<\/strong> y <strong>sistemas de navegaci\u00f3n avanzados<\/strong>, el Mobius Cargo puede operar de forma segura, tripulado y aut\u00f3noma, incluso en condiciones clim\u00e1ticas y terrenos dif\u00edciles. Esto lo convierte en un activo muy valioso a medida que las operaciones de carga se expanden a entornos m\u00e1s complejos.<\/p>\n\n\n\n<p class=\"has-medium-font-size\">El creciente crecimiento de <strong>e-commerce<\/strong> y la necesidad de <strong>entrega r\u00e1pida y rentable<\/strong> tambi\u00e9n est\u00e1 impulsando la adopci\u00f3n de veh\u00edculos a\u00e9reos no tripulados (UAV). Con la capacidad de transportar mercanc\u00edas a trav\u00e9s de... <strong>largas distancias<\/strong> a un menor costo, ayuda a las empresas a satisfacer la demanda de una log\u00edstica m\u00e1s r\u00e1pida.<\/p>\n\n\n\n<p class=\"has-medium-font-size\">Mobius Cargo est\u00e1 bien posicionado para ser un actor clave en este panorama en evoluci\u00f3n, ofreciendo una soluci\u00f3n confiable para <strong>transporte de carga de largo alcance<\/strong> en diversos sectores como el comercio electr\u00f3nico, <strong>cadenas de suministro militares<\/strong>, y <strong>respuesta de emergencia<\/strong>.<\/p>\n\n\n\n<hr class=\"wp-block-separator has-alpha-channel-opacity\"\/>\n\n\n\n<p class=\"has-medium-font-size\"><\/p>\n\n\n\n<div class=\"wp-block-buttons is-layout-flex wp-block-buttons-is-layout-flex\">\n<div class=\"wp-block-button\"><a class=\"wp-block-button__link wp-element-button\" href=\"https:\/\/aerovehicles.net\/contact-us\/\">Cont\u00e1ctenos<\/a><\/div>\n<\/div>\n\n\n\n<p><\/p>","protected":false},"excerpt":{"rendered":"<p>Mobius Cargo: Revolutionizing Long-Range Cargo Transport The Mobius Cargo is an innovative solution for long-range cargo transport in both commercial and military operations. With its high-payload capacity, low maintenance and operational costs and advanced endurance capabilities, this optional piloted offers unparalleled efficiency for transporting goods to remote locations with minimal infrastructure. Designed for versatility, the<span class=\"post-excerpt-end\">&hellip;<\/span><\/p>\n<p class=\"more-link\"><a href=\"https:\/\/aerovehicles.net\/es\/?p=778\" class=\"themebutton\">Leer m\u00e1s<\/a><\/p>","protected":false},"author":1,"featured_media":1411,"parent":0,"menu_order":0,"comment_status":"closed","ping_status":"closed","template":"","meta":{"footnotes":""},"class_list":["post-1313","page","type-page","status-publish","has-post-thumbnail","hentry"],"yoast_head":"<!-- This site is optimized with the Yoast SEO plugin v27.3 - https:\/\/yoast.com\/product\/yoast-seo-wordpress\/ -->\n<title>Mobius Cargo - Aerovehicles<\/title>\n<meta name=\"description\" content=\"The Mobius Cargo UAV by Aerovehicles delivers a flexible and efficient solution for light cargo transport, logistics and support missions, ideal for commercial operators and government applications.\" \/>\n<meta name=\"robots\" content=\"index, follow, max-snippet:-1, max-image-preview:large, max-video-preview:-1\" \/>\n<link rel=\"canonical\" href=\"https:\/\/aerovehicles.net\/es\/mobius-cargo\/\" \/>\n<meta property=\"og:locale\" content=\"es_ES\" \/>\n<meta property=\"og:type\" content=\"article\" \/>\n<meta property=\"og:title\" content=\"Mobius Cargo - Aerovehicles\" \/>\n<meta property=\"og:description\" content=\"The Mobius Cargo UAV by Aerovehicles delivers a flexible and efficient solution for light cargo transport, logistics and support missions, ideal for commercial operators and government applications.\" \/>\n<meta property=\"og:url\" content=\"https:\/\/aerovehicles.net\/es\/mobius-cargo\/\" \/>\n<meta property=\"og:site_name\" content=\"Aerovehicles\" \/>\n<meta property=\"article:publisher\" content=\"https:\/\/www.facebook.com\/aerovehicles\" \/>\n<meta property=\"article:modified_time\" content=\"2026-02-28T21:35:19+00:00\" \/>\n<meta property=\"og:image\" content=\"https:\/\/aerovehicles.net\/wp-content\/uploads\/2026\/02\/Berkut-Cargo-1-1024x683.png\" \/>\n\t<meta property=\"og:image:width\" content=\"1024\" \/>\n\t<meta property=\"og:image:height\" content=\"683\" \/>\n\t<meta property=\"og:image:type\" content=\"image\/png\" \/>\n<meta name=\"twitter:card\" content=\"summary_large_image\" \/>\n<meta name=\"twitter:site\" content=\"@AeroVehicles\" \/>\n<meta name=\"twitter:label1\" content=\"Tiempo de lectura\" \/>\n\t<meta name=\"twitter:data1\" content=\"2 minutos\" \/>\n<script type=\"application\/ld+json\" class=\"yoast-schema-graph\">{\"@context\":\"https:\\\/\\\/schema.org\",\"@graph\":[{\"@type\":\"WebPage\",\"@id\":\"https:\\\/\\\/aerovehicles.net\\\/mobius-cargo\\\/\",\"url\":\"https:\\\/\\\/aerovehicles.net\\\/mobius-cargo\\\/\",\"name\":\"Mobius Cargo - Aerovehicles\",\"isPartOf\":{\"@id\":\"https:\\\/\\\/aerovehicles.net\\\/#website\"},\"primaryImageOfPage\":{\"@id\":\"https:\\\/\\\/aerovehicles.net\\\/mobius-cargo\\\/#primaryimage\"},\"image\":{\"@id\":\"https:\\\/\\\/aerovehicles.net\\\/mobius-cargo\\\/#primaryimage\"},\"thumbnailUrl\":\"https:\\\/\\\/aerovehicles.net\\\/wp-content\\\/uploads\\\/2026\\\/02\\\/Berkut-Cargo-1.png\",\"datePublished\":\"2025-08-09T15:22:47+00:00\",\"dateModified\":\"2026-02-28T21:35:19+00:00\",\"description\":\"The Mobius Cargo UAV by Aerovehicles delivers a flexible and efficient solution for light cargo transport, logistics and support missions, ideal for commercial operators and government applications.\",\"breadcrumb\":{\"@id\":\"https:\\\/\\\/aerovehicles.net\\\/mobius-cargo\\\/#breadcrumb\"},\"inLanguage\":\"es\",\"potentialAction\":[{\"@type\":\"ReadAction\",\"target\":[\"https:\\\/\\\/aerovehicles.net\\\/mobius-cargo\\\/\"]}]},{\"@type\":\"ImageObject\",\"inLanguage\":\"es\",\"@id\":\"https:\\\/\\\/aerovehicles.net\\\/mobius-cargo\\\/#primaryimage\",\"url\":\"https:\\\/\\\/aerovehicles.net\\\/wp-content\\\/uploads\\\/2026\\\/02\\\/Berkut-Cargo-1.png\",\"contentUrl\":\"https:\\\/\\\/aerovehicles.net\\\/wp-content\\\/uploads\\\/2026\\\/02\\\/Berkut-Cargo-1.png\",\"width\":1536,\"height\":1024},{\"@type\":\"BreadcrumbList\",\"@id\":\"https:\\\/\\\/aerovehicles.net\\\/mobius-cargo\\\/#breadcrumb\",\"itemListElement\":[{\"@type\":\"ListItem\",\"position\":1,\"name\":\"Home\",\"item\":\"https:\\\/\\\/aerovehicles.net\\\/\"},{\"@type\":\"ListItem\",\"position\":2,\"name\":\"Mobius Cargo\"}]},{\"@type\":\"WebSite\",\"@id\":\"https:\\\/\\\/aerovehicles.net\\\/#website\",\"url\":\"https:\\\/\\\/aerovehicles.net\\\/\",\"name\":\"Aerovehicles\",\"description\":\"Airborne Solutions\",\"publisher\":{\"@id\":\"https:\\\/\\\/aerovehicles.net\\\/#organization\"},\"potentialAction\":[{\"@type\":\"SearchAction\",\"target\":{\"@type\":\"EntryPoint\",\"urlTemplate\":\"https:\\\/\\\/aerovehicles.net\\\/?s={search_term_string}\"},\"query-input\":{\"@type\":\"PropertyValueSpecification\",\"valueRequired\":true,\"valueName\":\"search_term_string\"}}],\"inLanguage\":\"es\"},{\"@type\":\"Organization\",\"@id\":\"https:\\\/\\\/aerovehicles.net\\\/#organization\",\"name\":\"Aerovehicles\",\"url\":\"https:\\\/\\\/aerovehicles.net\\\/\",\"logo\":{\"@type\":\"ImageObject\",\"inLanguage\":\"es\",\"@id\":\"https:\\\/\\\/aerovehicles.net\\\/#\\\/schema\\\/logo\\\/image\\\/\",\"url\":\"https:\\\/\\\/aerovehicles.net\\\/wp-content\\\/uploads\\\/2024\\\/10\\\/cropped-cropped-AVI-Logo-2020-v2-logo-wp-1.png\",\"contentUrl\":\"https:\\\/\\\/aerovehicles.net\\\/wp-content\\\/uploads\\\/2024\\\/10\\\/cropped-cropped-AVI-Logo-2020-v2-logo-wp-1.png\",\"width\":312,\"height\":200,\"caption\":\"Aerovehicles\"},\"image\":{\"@id\":\"https:\\\/\\\/aerovehicles.net\\\/#\\\/schema\\\/logo\\\/image\\\/\"},\"sameAs\":[\"https:\\\/\\\/www.facebook.com\\\/aerovehicles\",\"https:\\\/\\\/x.com\\\/AeroVehicles\",\"https:\\\/\\\/www.linkedin.com\\\/company\\\/aerovehicles-inc-\",\"https:\\\/\\\/instagram.com\\\/aerovehicles\"]}]}<\/script>\n<!-- \/ Yoast SEO plugin. -->","yoast_head_json":{"title":"Mobius Cargo - Aerovehicles","description":"The Mobius Cargo UAV by Aerovehicles delivers a flexible and efficient solution for light cargo transport, logistics and support missions, ideal for commercial operators and government applications.","robots":{"index":"index","follow":"follow","max-snippet":"max-snippet:-1","max-image-preview":"max-image-preview:large","max-video-preview":"max-video-preview:-1"},"canonical":"https:\/\/aerovehicles.net\/es\/mobius-cargo\/","og_locale":"es_ES","og_type":"article","og_title":"Mobius Cargo - Aerovehicles","og_description":"The Mobius Cargo UAV by Aerovehicles delivers a flexible and efficient solution for light cargo transport, logistics and support missions, ideal for commercial operators and government applications.","og_url":"https:\/\/aerovehicles.net\/es\/mobius-cargo\/","og_site_name":"Aerovehicles","article_publisher":"https:\/\/www.facebook.com\/aerovehicles","article_modified_time":"2026-02-28T21:35:19+00:00","og_image":[{"width":1024,"height":683,"url":"https:\/\/aerovehicles.net\/wp-content\/uploads\/2026\/02\/Berkut-Cargo-1-1024x683.png","type":"image\/png"}],"twitter_card":"summary_large_image","twitter_site":"@AeroVehicles","twitter_misc":{"Tiempo de lectura":"2 minutos"},"schema":{"@context":"https:\/\/schema.org","@graph":[{"@type":"WebPage","@id":"https:\/\/aerovehicles.net\/mobius-cargo\/","url":"https:\/\/aerovehicles.net\/mobius-cargo\/","name":"Mobius Cargo - Aerovehicles","isPartOf":{"@id":"https:\/\/aerovehicles.net\/#website"},"primaryImageOfPage":{"@id":"https:\/\/aerovehicles.net\/mobius-cargo\/#primaryimage"},"image":{"@id":"https:\/\/aerovehicles.net\/mobius-cargo\/#primaryimage"},"thumbnailUrl":"https:\/\/aerovehicles.net\/wp-content\/uploads\/2026\/02\/Berkut-Cargo-1.png","datePublished":"2025-08-09T15:22:47+00:00","dateModified":"2026-02-28T21:35:19+00:00","description":"The Mobius Cargo UAV by Aerovehicles delivers a flexible and efficient solution for light cargo transport, logistics and support missions, ideal for commercial operators and government applications.","breadcrumb":{"@id":"https:\/\/aerovehicles.net\/mobius-cargo\/#breadcrumb"},"inLanguage":"es","potentialAction":[{"@type":"ReadAction","target":["https:\/\/aerovehicles.net\/mobius-cargo\/"]}]},{"@type":"ImageObject","inLanguage":"es","@id":"https:\/\/aerovehicles.net\/mobius-cargo\/#primaryimage","url":"https:\/\/aerovehicles.net\/wp-content\/uploads\/2026\/02\/Berkut-Cargo-1.png","contentUrl":"https:\/\/aerovehicles.net\/wp-content\/uploads\/2026\/02\/Berkut-Cargo-1.png","width":1536,"height":1024},{"@type":"BreadcrumbList","@id":"https:\/\/aerovehicles.net\/mobius-cargo\/#breadcrumb","itemListElement":[{"@type":"ListItem","position":1,"name":"Home","item":"https:\/\/aerovehicles.net\/"},{"@type":"ListItem","position":2,"name":"Mobius Cargo"}]},{"@type":"WebSite","@id":"https:\/\/aerovehicles.net\/#website","url":"https:\/\/aerovehicles.net\/","name":"Aerovehicles","description":"Airborne Solutions","publisher":{"@id":"https:\/\/aerovehicles.net\/#organization"},"potentialAction":[{"@type":"SearchAction","target":{"@type":"EntryPoint","urlTemplate":"https:\/\/aerovehicles.net\/?s={search_term_string}"},"query-input":{"@type":"PropertyValueSpecification","valueRequired":true,"valueName":"search_term_string"}}],"inLanguage":"es"},{"@type":"Organization","@id":"https:\/\/aerovehicles.net\/#organization","name":"Aerovehicles","url":"https:\/\/aerovehicles.net\/","logo":{"@type":"ImageObject","inLanguage":"es","@id":"https:\/\/aerovehicles.net\/#\/schema\/logo\/image\/","url":"https:\/\/aerovehicles.net\/wp-content\/uploads\/2024\/10\/cropped-cropped-AVI-Logo-2020-v2-logo-wp-1.png","contentUrl":"https:\/\/aerovehicles.net\/wp-content\/uploads\/2024\/10\/cropped-cropped-AVI-Logo-2020-v2-logo-wp-1.png","width":312,"height":200,"caption":"Aerovehicles"},"image":{"@id":"https:\/\/aerovehicles.net\/#\/schema\/logo\/image\/"},"sameAs":["https:\/\/www.facebook.com\/aerovehicles","https:\/\/x.com\/AeroVehicles","https:\/\/www.linkedin.com\/company\/aerovehicles-inc-","https:\/\/instagram.com\/aerovehicles"]}]}},"_links":{"self":[{"href":"https:\/\/aerovehicles.net\/es\/wp-json\/wp\/v2\/pages\/1313","targetHints":{"allow":["GET"]}}],"collection":[{"href":"https:\/\/aerovehicles.net\/es\/wp-json\/wp\/v2\/pages"}],"about":[{"href":"https:\/\/aerovehicles.net\/es\/wp-json\/wp\/v2\/types\/page"}],"author":[{"embeddable":true,"href":"https:\/\/aerovehicles.net\/es\/wp-json\/wp\/v2\/users\/1"}],"replies":[{"embeddable":true,"href":"https:\/\/aerovehicles.net\/es\/wp-json\/wp\/v2\/comments?post=1313"}],"version-history":[{"count":10,"href":"https:\/\/aerovehicles.net\/es\/wp-json\/wp\/v2\/pages\/1313\/revisions"}],"predecessor-version":[{"id":1672,"href":"https:\/\/aerovehicles.net\/es\/wp-json\/wp\/v2\/pages\/1313\/revisions\/1672"}],"wp:featuredmedia":[{"embeddable":true,"href":"https:\/\/aerovehicles.net\/es\/wp-json\/wp\/v2\/media\/1411"}],"wp:attachment":[{"href":"https:\/\/aerovehicles.net\/es\/wp-json\/wp\/v2\/media?parent=1313"}],"curies":[{"name":"wp","href":"https:\/\/api.w.org\/{rel}","templated":true}]}}